{"id":2934,"date":"2023-04-25T23:50:23","date_gmt":"2023-04-25T23:50:23","guid":{"rendered":"https:\/\/7distribucions.com\/?post_type=product&#038;p=2934"},"modified":"2024-02-02T11:09:27","modified_gmt":"2024-02-02T11:09:27","slug":"9565pcv","status":"publish","type":"product","link":"https:\/\/7distribucions.com\/ca\/producto\/9565pcv\/","title":{"rendered":"9565PCV"},"content":{"rendered":"<ul>\n<li>Interruptor de palanca, para mayor control y confort de la herramienta sin posibilidad de dejarlo fijo.<\/li>\n<li>Cuerpo delgado, m\u00e1s c\u00f3modo e ideal para manejar con una sola mano.<\/li>\n<li>Sistema original Makita &#8220;Super Joint Sistem&#8221; (SJS), que previene da\u00f1os en el motor por bloqueos accidentales del disco y permite un trabajo m\u00e1s c\u00f3modo.<\/li>\n<li>Control electr\u00f3nico de la velocidad que mantiene constantes las R.P.M. bajo carga y permite un arranque suave<\/li>\n<li>Limitador electr\u00f3nico que interrumpe el paso de la corriente cuando hay sobrecargas accidentales, evitando el sobrecalentamiento del motor<\/li>\n<li>Control de la velocidad mediante dial, que permite selecciobar la velocidad \u00f3ptima dependiendo del trabajo a realizar<\/li>\n<li>Protector del disco ajustable sin necesidad de herramientas adicionales.<\/li>\n<li>Sistema de doble laberinto contra el polvo y la suciedad.<\/li>\n<li>Caja de engranajes herm\u00e9ticamente sellada.<\/li>\n<li>Posibilidad de variar la posici\u00f3n del cabezal cada 90\u00ba<\/li>\n<\/ul>\n<p><a href=\"https:\/\/7distribucions.com\/wp-content\/uploads\/2023\/04\/9565pcv_3.pdf\" target=\"_blank\" rel=\"noopener\"><strong>VER CAT\u00c1LOGO<\/strong><\/a><\/p>\n","protected":false},"excerpt":{"rendered":"<p>Interruptor de palanca, para mayor control y confort de la herramienta sin posibilidad de dejarlo fijo. Cuerpo delgado, m\u00e1s c\u00f3modo e ideal para manejar con una sola mano. Sistema original&#8230;<\/p>\n","protected":false},"featured_media":2935,"template":"","meta":[],"product_brand":[],"product_cat":[89,93],"product_tag":[],"class_list":{"0":"post-2934","1":"product","2":"type-product","3":"status-publish","4":"has-post-thumbnail","6":"product_cat-eines","7":"product_cat-tallar","9":"first","10":"instock","11":"taxable","12":"shipping-taxable","13":"purchasable","14":"product-type-simple"},"_links":{"self":[{"href":"https:\/\/7distribucions.com\/ca\/wp-json\/wp\/v2\/product\/2934","targetHints":{"allow":["GET"]}}],"collection":[{"href":"https:\/\/7distribucions.com\/ca\/wp-json\/wp\/v2\/product"}],"about":[{"href":"https:\/\/7distribucions.com\/ca\/wp-json\/wp\/v2\/types\/product"}],"wp:featuredmedia":[{"embeddable":true,"href":"https:\/\/7distribucions.com\/ca\/wp-json\/wp\/v2\/media\/2935"}],"wp:attachment":[{"href":"https:\/\/7distribucions.com\/ca\/wp-json\/wp\/v2\/media?parent=2934"}],"wp:term":[{"taxonomy":"product_brand","embeddable":true,"href":"https:\/\/7distribucions.com\/ca\/wp-json\/wp\/v2\/product_brand?post=2934"},{"taxonomy":"product_cat","embeddable":true,"href":"https:\/\/7distribucions.com\/ca\/wp-json\/wp\/v2\/product_cat?post=2934"},{"taxonomy":"product_tag","embeddable":true,"href":"https:\/\/7distribucions.com\/ca\/wp-json\/wp\/v2\/product_tag?post=2934"}],"curies":[{"name":"wp","href":"https:\/\/api.w.org\/{rel}","templated":true}]}}