{"id":2924,"date":"2023-04-25T23:33:04","date_gmt":"2023-04-25T23:33:04","guid":{"rendered":"https:\/\/7distribucions.com\/?post_type=product&#038;p=2924"},"modified":"2024-02-02T11:05:57","modified_gmt":"2024-02-02T11:05:57","slug":"po6000c","status":"publish","type":"product","link":"https:\/\/7distribucions.com\/ca\/producto\/po6000c\/","title":{"rendered":"PO6000C"},"content":{"rendered":"<ul>\n<li>Protegida con elast\u00f3mero en la parte superior y las zonas de agarre, la herramienta se puede poner boca abajo sin da\u00f1ar la zona donde se apoye.<\/li>\n<li>Agarre ergon\u00f3mico antideslizante con dos zonas de sujeci\u00f3n, proporciona mayor comodidad y control de la maquina al manejar con dos manos sobre el material a pulir.<\/li>\n<li>Dos modos de rotaci\u00f3n. Rotaci\u00f3n orbital para para acabados m\u00e1s devastadores. Y rotaci\u00f3n rotorbital, el rotor gira haciendo movimientos orbitales y gira sobre si mismo, para acabados finos y encerados.<\/li>\n<li>Control de velocidad de orbita con 5 posiciones de velocidad variando las orbitas por minuto.<\/li>\n<li>Velocidad variable en el gatillo.<\/li>\n<li>Bot\u00f3n de bloqueo, para realizar trabajos prolongados evitando la fatiga del usuario.<\/li>\n<li>Cubierta de ventilaci\u00f3n de goma desmontable, evita que part\u00edculas entren en el motor alargando as\u00ed su vida de uso.<\/li>\n<li>Especial para trabajos de automoci\u00f3n y carrocer\u00eda.<\/li>\n<\/ul>\n<p><a href=\"https:\/\/7distribucions.com\/wp-content\/uploads\/2023\/04\/po6000c_3.pdf\" target=\"_blank\" rel=\"noopener\"><strong>VER CAT\u00c1LOGO<\/strong><\/a><\/p>\n","protected":false},"excerpt":{"rendered":"<p>Protegida con elast\u00f3mero en la parte superior y las zonas de agarre, la herramienta se puede poner boca abajo sin da\u00f1ar la zona donde se apoye. Agarre ergon\u00f3mico antideslizante con&#8230;<\/p>\n","protected":false},"featured_media":2925,"template":"","meta":[],"product_brand":[],"product_cat":[89,92],"product_tag":[],"class_list":{"0":"post-2924","1":"product","2":"type-product","3":"status-publish","4":"has-post-thumbnail","6":"product_cat-eines","7":"product_cat-rectificar-escatar-polir","9":"first","10":"instock","11":"taxable","12":"shipping-taxable","13":"purchasable","14":"product-type-simple"},"_links":{"self":[{"href":"https:\/\/7distribucions.com\/ca\/wp-json\/wp\/v2\/product\/2924","targetHints":{"allow":["GET"]}}],"collection":[{"href":"https:\/\/7distribucions.com\/ca\/wp-json\/wp\/v2\/product"}],"about":[{"href":"https:\/\/7distribucions.com\/ca\/wp-json\/wp\/v2\/types\/product"}],"wp:featuredmedia":[{"embeddable":true,"href":"https:\/\/7distribucions.com\/ca\/wp-json\/wp\/v2\/media\/2925"}],"wp:attachment":[{"href":"https:\/\/7distribucions.com\/ca\/wp-json\/wp\/v2\/media?parent=2924"}],"wp:term":[{"taxonomy":"product_brand","embeddable":true,"href":"https:\/\/7distribucions.com\/ca\/wp-json\/wp\/v2\/product_brand?post=2924"},{"taxonomy":"product_cat","embeddable":true,"href":"https:\/\/7distribucions.com\/ca\/wp-json\/wp\/v2\/product_cat?post=2924"},{"taxonomy":"product_tag","embeddable":true,"href":"https:\/\/7distribucions.com\/ca\/wp-json\/wp\/v2\/product_tag?post=2924"}],"curies":[{"name":"wp","href":"https:\/\/api.w.org\/{rel}","templated":true}]}}