{"id":2918,"date":"2023-04-25T02:13:19","date_gmt":"2023-04-25T02:13:19","guid":{"rendered":"https:\/\/7distribucions.com\/?post_type=product&#038;p=2918"},"modified":"2024-02-02T11:05:54","modified_gmt":"2024-02-02T11:05:54","slug":"hr5212c","status":"publish","type":"product","link":"https:\/\/7distribucions.com\/ca\/producto\/hr5212c\/","title":{"rendered":"HR5212C"},"content":{"rendered":"<ul>\n<li>Reducimos las vibraciones pero aumentamos el rendimiento hasta un 15% respecto a los modelos anteriores.<\/li>\n<li>4 posiciones del selector: Percusi\u00f3n (fijo o intermitente), rotaci\u00f3n + percusi\u00f3n, modo giro para colocar el \u00fatil en la posici\u00f3n correcta.<\/li>\n<li>En el modo percusi\u00f3n se puede trabajar con el gatillo o dejarlo fijo con el interruptor.<\/li>\n<li>Regulador electr\u00f3nico de velocidad (5 posiciones).<\/li>\n<li>Indicadores luminosos que avisan del desgaste de escobillas o de posibles interrupciones de corriente.<\/li>\n<li>Inserci\u00f3n para SDS-MAX.<\/li>\n<li>En modo ralent\u00ed baja las revoluciones del motor cuando la m\u00e1quina trabaja sin carga, esto reduce la vibraci\u00f3n y el desgaste del motor.<\/li>\n<li>El cuerpo dividido en dos partes reduce al m\u00e1ximo las vibraciones que llegan al usuario. Separa las zonas de agarre de la zona neum\u00e1tica.<\/li>\n<li>Con sistema AVT.<\/li>\n<\/ul>\n<p><a href=\"https:\/\/7distribucions.com\/wp-content\/uploads\/2023\/04\/hr5212c_3.pdf\" target=\"_blank\" rel=\"noopener\"><strong>VER CAT\u00c1LOGO<\/strong><\/a><\/p>\n","protected":false},"excerpt":{"rendered":"<p>Reducimos las vibraciones pero aumentamos el rendimiento hasta un 15% respecto a los modelos anteriores. 4 posiciones del selector: Percusi\u00f3n (fijo o intermitente), rotaci\u00f3n + percusi\u00f3n, modo giro para colocar&#8230;<\/p>\n","protected":false},"featured_media":2919,"template":"","meta":[],"product_brand":[],"product_cat":[89,91],"product_tag":[],"class_list":{"0":"post-2918","1":"product","2":"type-product","3":"status-publish","4":"has-post-thumbnail","6":"product_cat-eines","7":"product_cat-trepar-amb-percussio-percutir","9":"first","10":"instock","11":"taxable","12":"shipping-taxable","13":"purchasable","14":"product-type-simple"},"_links":{"self":[{"href":"https:\/\/7distribucions.com\/ca\/wp-json\/wp\/v2\/product\/2918","targetHints":{"allow":["GET"]}}],"collection":[{"href":"https:\/\/7distribucions.com\/ca\/wp-json\/wp\/v2\/product"}],"about":[{"href":"https:\/\/7distribucions.com\/ca\/wp-json\/wp\/v2\/types\/product"}],"wp:featuredmedia":[{"embeddable":true,"href":"https:\/\/7distribucions.com\/ca\/wp-json\/wp\/v2\/media\/2919"}],"wp:attachment":[{"href":"https:\/\/7distribucions.com\/ca\/wp-json\/wp\/v2\/media?parent=2918"}],"wp:term":[{"taxonomy":"product_brand","embeddable":true,"href":"https:\/\/7distribucions.com\/ca\/wp-json\/wp\/v2\/product_brand?post=2918"},{"taxonomy":"product_cat","embeddable":true,"href":"https:\/\/7distribucions.com\/ca\/wp-json\/wp\/v2\/product_cat?post=2918"},{"taxonomy":"product_tag","embeddable":true,"href":"https:\/\/7distribucions.com\/ca\/wp-json\/wp\/v2\/product_tag?post=2918"}],"curies":[{"name":"wp","href":"https:\/\/api.w.org\/{rel}","templated":true}]}}