{"id":2915,"date":"2023-04-25T02:10:46","date_gmt":"2023-04-25T02:10:46","guid":{"rendered":"https:\/\/7distribucions.com\/?post_type=product&#038;p=2915"},"modified":"2024-02-02T11:09:35","modified_gmt":"2024-02-02T11:09:35","slug":"hr2810","status":"publish","type":"product","link":"https:\/\/7distribucions.com\/ca\/producto\/hr2810\/","title":{"rendered":"HR2810"},"content":{"rendered":"<ul>\n<li>Alto par motor, especialmente dise\u00f1ada para trabajos continuos.<\/li>\n<li>3 modos de trabajo; Demolici\u00f3n, rotaci\u00f3n y rotaci\u00f3n con percusi\u00f3n.<\/li>\n<li>Dise\u00f1o ergon\u00f3mico, con empu\u00f1adura antideslizante, para un mayor control de la herramienta.<\/li>\n<li>Cambio de modo protegido para evitar da\u00f1os en el selector.<\/li>\n<li>Ideal para utilizar con broca de diamante o broca de corona hasta 80mm.<\/li>\n<li>Inserci\u00f3n de una sola acci\u00f3n.<\/li>\n<li>Carcasa delantera en aluminio, m\u00e1s robusta y duradera.<\/li>\n<li>Extremada baja vibraci\u00f3n tan solo 20 m\/seg2.<\/li>\n<li>El m\u00e1s ligero en su clase, tan solo 3,4Kg.<\/li>\n<li>Reversible en el interruptor.<\/li>\n<\/ul>\n<p><a href=\"https:\/\/7distribucions.com\/wp-content\/uploads\/2023\/04\/hr2810_3.pdf\" target=\"_blank\" rel=\"noopener\"><strong>VER CAT\u00c1LOGO<\/strong><\/a><\/p>\n","protected":false},"excerpt":{"rendered":"<p>Alto par motor, especialmente dise\u00f1ada para trabajos continuos. 3 modos de trabajo; Demolici\u00f3n, rotaci\u00f3n y rotaci\u00f3n con percusi\u00f3n. Dise\u00f1o ergon\u00f3mico, con empu\u00f1adura antideslizante, para un mayor control de la herramienta&#8230;.<\/p>\n","protected":false},"featured_media":2916,"template":"","meta":[],"product_brand":[],"product_cat":[89,91],"product_tag":[],"class_list":{"0":"post-2915","1":"product","2":"type-product","3":"status-publish","4":"has-post-thumbnail","6":"product_cat-eines","7":"product_cat-trepar-amb-percussio-percutir","9":"first","10":"instock","11":"taxable","12":"shipping-taxable","13":"purchasable","14":"product-type-simple"},"_links":{"self":[{"href":"https:\/\/7distribucions.com\/ca\/wp-json\/wp\/v2\/product\/2915","targetHints":{"allow":["GET"]}}],"collection":[{"href":"https:\/\/7distribucions.com\/ca\/wp-json\/wp\/v2\/product"}],"about":[{"href":"https:\/\/7distribucions.com\/ca\/wp-json\/wp\/v2\/types\/product"}],"wp:featuredmedia":[{"embeddable":true,"href":"https:\/\/7distribucions.com\/ca\/wp-json\/wp\/v2\/media\/2916"}],"wp:attachment":[{"href":"https:\/\/7distribucions.com\/ca\/wp-json\/wp\/v2\/media?parent=2915"}],"wp:term":[{"taxonomy":"product_brand","embeddable":true,"href":"https:\/\/7distribucions.com\/ca\/wp-json\/wp\/v2\/product_brand?post=2915"},{"taxonomy":"product_cat","embeddable":true,"href":"https:\/\/7distribucions.com\/ca\/wp-json\/wp\/v2\/product_cat?post=2915"},{"taxonomy":"product_tag","embeddable":true,"href":"https:\/\/7distribucions.com\/ca\/wp-json\/wp\/v2\/product_tag?post=2915"}],"curies":[{"name":"wp","href":"https:\/\/api.w.org\/{rel}","templated":true}]}}