{"id":2912,"date":"2023-04-25T02:07:49","date_gmt":"2023-04-25T02:07:49","guid":{"rendered":"https:\/\/7distribucions.com\/?post_type=product&#038;p=2912"},"modified":"2024-02-02T11:09:37","modified_gmt":"2024-02-02T11:09:37","slug":"dtw1002rtj","status":"publish","type":"product","link":"https:\/\/7distribucions.com\/ca\/producto\/dtw1002rtj\/","title":{"rendered":"DTW1002RTJ"},"content":{"rendered":"<ul>\n<li>Llave de impacto de bater\u00eda de 18V litio-ion con 1.000 Nm de par de apriete, con motor BL sin escobillas, la energ\u00eda es m\u00e1s eficiente y proporciona mayor potencia y duraci\u00f3n con el mismo amperaje.<\/li>\n<li>Agarre ergon\u00f3mico antideslizante, recubierto de elast\u00f3mero, la empu\u00f1adura se adapta perfectamente a la mano para mayor comodidad y control.<\/li>\n<li>Robusta y duradera con carcasa porta-engranajes de aluminio protegida con elast\u00f3mero en su parte delantera.<\/li>\n<li>Velocidad variable en el gatillo con modo reversible, nos permite regular velocidad de atornillado seg\u00fan requiera el trabajo.<\/li>\n<li>Selector de modo de impacto: Con s\u00f3lo pulsar un bot\u00f3n se puede seleccionar entre 3 modos de impacto (duro\/medio\/blando) para adaptarse al tipo de trabajo.<\/li>\n<li>Doble Luz LED para iluminar el punto de trabajo en zonas de baja luminosidad. El LED se mantiene iluminado unos segundos despu\u00e9s de haber pulsado el gatillo.<\/li>\n<li>Gancho de gran tama\u00f1o v\u00e1lido para colgar la m\u00e1quina en las estructuras met\u00e1licas.<\/li>\n<\/ul>\n<p><a href=\"https:\/\/7distribucions.com\/wp-content\/uploads\/2023\/04\/dtw1002rtj_3.pdf\" target=\"_blank\" rel=\"noopener\"><strong>VER CAT\u00c1LOGO<\/strong><\/a><\/p>\n","protected":false},"excerpt":{"rendered":"<p>Llave de impacto de bater\u00eda de 18V litio-ion con 1.000 Nm de par de apriete, con motor BL sin escobillas, la energ\u00eda es m\u00e1s eficiente y proporciona mayor potencia y&#8230;<\/p>\n","protected":false},"featured_media":2913,"template":"","meta":[],"product_brand":[],"product_cat":[89,91],"product_tag":[],"class_list":{"0":"post-2912","1":"product","2":"type-product","3":"status-publish","4":"has-post-thumbnail","6":"product_cat-eines","7":"product_cat-trepar-amb-percussio-percutir","9":"first","10":"instock","11":"taxable","12":"shipping-taxable","13":"purchasable","14":"product-type-simple"},"_links":{"self":[{"href":"https:\/\/7distribucions.com\/ca\/wp-json\/wp\/v2\/product\/2912","targetHints":{"allow":["GET"]}}],"collection":[{"href":"https:\/\/7distribucions.com\/ca\/wp-json\/wp\/v2\/product"}],"about":[{"href":"https:\/\/7distribucions.com\/ca\/wp-json\/wp\/v2\/types\/product"}],"wp:featuredmedia":[{"embeddable":true,"href":"https:\/\/7distribucions.com\/ca\/wp-json\/wp\/v2\/media\/2913"}],"wp:attachment":[{"href":"https:\/\/7distribucions.com\/ca\/wp-json\/wp\/v2\/media?parent=2912"}],"wp:term":[{"taxonomy":"product_brand","embeddable":true,"href":"https:\/\/7distribucions.com\/ca\/wp-json\/wp\/v2\/product_brand?post=2912"},{"taxonomy":"product_cat","embeddable":true,"href":"https:\/\/7distribucions.com\/ca\/wp-json\/wp\/v2\/product_cat?post=2912"},{"taxonomy":"product_tag","embeddable":true,"href":"https:\/\/7distribucions.com\/ca\/wp-json\/wp\/v2\/product_tag?post=2912"}],"curies":[{"name":"wp","href":"https:\/\/api.w.org\/{rel}","templated":true}]}}