{"id":2903,"date":"2023-04-25T00:32:39","date_gmt":"2023-04-25T00:32:39","guid":{"rendered":"https:\/\/7distribucions.com\/?post_type=product&#038;p=2903"},"modified":"2024-02-02T11:09:42","modified_gmt":"2024-02-02T11:09:42","slug":"tw001gz","status":"publish","type":"product","link":"https:\/\/7distribucions.com\/ca\/producto\/tw001gz\/","title":{"rendered":"TW001GZ"},"content":{"rendered":"<ul>\n<li>Par m\u00e1s alto y tama\u00f1o m\u00e1s compacto que el modelo DTW1001.<\/li>\n<li>4 velocidades el\u00e9ctricas para mayor versatilidad.<\/li>\n<li>3 modos de tiempo de reacci\u00f3n para parada autom\u00e1tica disponibles tanto en modo de rotaci\u00f3n hacia adelante como hacia atr\u00e1s.<\/li>\n<li>Interruptor de gatillo con modo de velocidad completa para menos fatiga en manos y dedos.<\/li>\n<li>El modo de parada autom\u00e1tica de rotaci\u00f3n inversa se detiene despu\u00e9s de que el tornillo \/ tuerca se afloje lo suficiente.<\/li>\n<li>Luz de trabajo LED doble con funciones de preluminiscencia y luminiscencia.<\/li>\n<li>El motor BL ofrece 1.800 Nm de par de apriete m\u00e1ximo y 2.050 Nm de par para aflojar tuercas.<\/li>\n<li>El motor BL est\u00e1 controlado electr\u00f3nicamente para optimizar el uso de energ\u00eda de la bater\u00eda para un mayor tiempo de trabajo por carga.<\/li>\n<li>El motor BL elimina las escobillas de carb\u00f3n, lo que permite que el motor BL funcione m\u00e1s fr\u00edo y de manera m\u00e1s eficiente para una vida \u00fatil m\u00e1s larga.<\/li>\n<li>Excelente rendimiento trabajos pesados y continuados.<\/li>\n<\/ul>\n<p><a href=\"https:\/\/7distribucions.com\/wp-content\/uploads\/2023\/04\/tw001gz_3.pdf\" target=\"_blank\" rel=\"noopener\"><strong>VER CAT\u00c1LOGO<\/strong><\/a><\/p>\n","protected":false},"excerpt":{"rendered":"<p>Par m\u00e1s alto y tama\u00f1o m\u00e1s compacto que el modelo DTW1001. 4 velocidades el\u00e9ctricas para mayor versatilidad. 3 modos de tiempo de reacci\u00f3n para parada autom\u00e1tica disponibles tanto en modo&#8230;<\/p>\n","protected":false},"featured_media":2904,"template":"","meta":[],"product_brand":[],"product_cat":[89,90],"product_tag":[],"class_list":{"0":"post-2903","1":"product","2":"type-product","3":"status-publish","4":"has-post-thumbnail","6":"product_cat-eines","7":"product_cat-trepar-caragolar","9":"first","10":"instock","11":"taxable","12":"shipping-taxable","13":"purchasable","14":"product-type-simple"},"_links":{"self":[{"href":"https:\/\/7distribucions.com\/ca\/wp-json\/wp\/v2\/product\/2903","targetHints":{"allow":["GET"]}}],"collection":[{"href":"https:\/\/7distribucions.com\/ca\/wp-json\/wp\/v2\/product"}],"about":[{"href":"https:\/\/7distribucions.com\/ca\/wp-json\/wp\/v2\/types\/product"}],"wp:featuredmedia":[{"embeddable":true,"href":"https:\/\/7distribucions.com\/ca\/wp-json\/wp\/v2\/media\/2904"}],"wp:attachment":[{"href":"https:\/\/7distribucions.com\/ca\/wp-json\/wp\/v2\/media?parent=2903"}],"wp:term":[{"taxonomy":"product_brand","embeddable":true,"href":"https:\/\/7distribucions.com\/ca\/wp-json\/wp\/v2\/product_brand?post=2903"},{"taxonomy":"product_cat","embeddable":true,"href":"https:\/\/7distribucions.com\/ca\/wp-json\/wp\/v2\/product_cat?post=2903"},{"taxonomy":"product_tag","embeddable":true,"href":"https:\/\/7distribucions.com\/ca\/wp-json\/wp\/v2\/product_tag?post=2903"}],"curies":[{"name":"wp","href":"https:\/\/api.w.org\/{rel}","templated":true}]}}