{"id":2892,"date":"2023-04-25T00:09:45","date_gmt":"2023-04-25T00:09:45","guid":{"rendered":"https:\/\/7distribucions.com\/?post_type=product&#038;p=2892"},"modified":"2024-02-02T11:09:48","modified_gmt":"2024-02-02T11:09:48","slug":"ddf484z","status":"publish","type":"product","link":"https:\/\/7distribucions.com\/ca\/producto\/ddf484z\/","title":{"rendered":"DDF484Z"},"content":{"rendered":"<ul>\n<li>Nuevo taladro atornillador a bater\u00eda 18V Litio-ion que ofrece una mayor eficacia de trabajo gracias a su par de apriete de 50 Nm.<\/li>\n<li>Dise\u00f1o compacto y ergon\u00f3mico que reduce la fatiga del operario.<\/li>\n<li>Doble LED con funciones de flujo previo y posterior iluminan el \u00e1rea de trabajo. Dos velocidades variables: Perforaci\u00f3n leve (0-500 rpm) y perforaci\u00f3n r\u00e1pida (0- 1.900 rpm) para una amplia gama de aplicaciones de perforaci\u00f3n, sujeci\u00f3n y taladrado.<\/li>\n<li>El motor BL usa eficientemente la energ\u00eda para ajustar el par y las RPM a las demandas cambiantes de cada aplicaci\u00f3n.<\/li>\n<li>Portabrocas sin llave de 13 mm (1\/2 \u201c) para cambios r\u00e1pidos de la broca.<\/li>\n<li>21 posiciones de par de apriete para un trabajo m\u00e1s c\u00f3modo y eficaz.<\/li>\n<li>Modo de baja velocidad para aplicaciones de trabajo pesado que requieren un alto par de torsi\u00f3n.<\/li>\n<li>Tecnolog\u00eda de Protecci\u00f3n Extrema (XPT) perfecta para proteger las m\u00e1quinas frete a polvo o lluvia en aplicaciones exteriores o condiciones climatol\u00f3gicas adversas.<\/li>\n<li>El circuito de protecci\u00f3n de la bater\u00eda protege contra sobrecargas y sobrecalentamientos.<\/li>\n<li>Gancho para cintur\u00f3n reversible y duradero conveniente para colgar temporalmente la herramienta en el cintur\u00f3n.<\/li>\n<\/ul>\n","protected":false},"excerpt":{"rendered":"<p>Nuevo taladro atornillador a bater\u00eda 18V Litio-ion que ofrece una mayor eficacia de trabajo gracias a su par de apriete de 50 Nm. Dise\u00f1o compacto y ergon\u00f3mico que reduce la&#8230;<\/p>\n","protected":false},"featured_media":2893,"template":"","meta":[],"product_brand":[],"product_cat":[89,90],"product_tag":[],"class_list":{"0":"post-2892","1":"product","2":"type-product","3":"status-publish","4":"has-post-thumbnail","6":"product_cat-eines","7":"product_cat-trepar-caragolar","9":"first","10":"instock","11":"taxable","12":"shipping-taxable","13":"purchasable","14":"product-type-simple"},"_links":{"self":[{"href":"https:\/\/7distribucions.com\/ca\/wp-json\/wp\/v2\/product\/2892","targetHints":{"allow":["GET"]}}],"collection":[{"href":"https:\/\/7distribucions.com\/ca\/wp-json\/wp\/v2\/product"}],"about":[{"href":"https:\/\/7distribucions.com\/ca\/wp-json\/wp\/v2\/types\/product"}],"wp:featuredmedia":[{"embeddable":true,"href":"https:\/\/7distribucions.com\/ca\/wp-json\/wp\/v2\/media\/2893"}],"wp:attachment":[{"href":"https:\/\/7distribucions.com\/ca\/wp-json\/wp\/v2\/media?parent=2892"}],"wp:term":[{"taxonomy":"product_brand","embeddable":true,"href":"https:\/\/7distribucions.com\/ca\/wp-json\/wp\/v2\/product_brand?post=2892"},{"taxonomy":"product_cat","embeddable":true,"href":"https:\/\/7distribucions.com\/ca\/wp-json\/wp\/v2\/product_cat?post=2892"},{"taxonomy":"product_tag","embeddable":true,"href":"https:\/\/7distribucions.com\/ca\/wp-json\/wp\/v2\/product_tag?post=2892"}],"curies":[{"name":"wp","href":"https:\/\/api.w.org\/{rel}","templated":true}]}}