{"id":2862,"date":"2023-04-06T00:53:44","date_gmt":"2023-04-06T00:53:44","guid":{"rendered":"https:\/\/7distribucions.com\/?post_type=product&#038;p=2862"},"modified":"2023-04-06T00:53:44","modified_gmt":"2023-04-06T00:53:44","slug":"dcl500","status":"publish","type":"product","link":"https:\/\/7distribucions.com\/ca\/producto\/dcl500\/","title":{"rendered":"DCL500"},"content":{"rendered":"<p>Limpiador de la bater\u00eda potente con el principio de la bater\u00eda con un filtro HEPA de cicl\u00f3n algrohr\u00eddrico telesc\u00f3pico permite una postura de funcionamiento ideal con el filtro manual LED de limpieza LED de limpieza requerida para el filtro f\u00e1cilmente con agua para el filtro de limpieza y la tapa de polvo con la capacidad de la bater\u00eda Motor sin escobillas para m\u00e1s resistencia, una vida \u00fatil m\u00e1s larga y Dise\u00f1o m\u00e1s compacto<\/p>\n<p>&nbsp;<\/p>\n","protected":false},"excerpt":{"rendered":"<p>Limpiador de la bater\u00eda potente con el principio de la bater\u00eda con un filtro HEPA de cicl\u00f3n algrohr\u00eddrico telesc\u00f3pico permite una postura de funcionamiento ideal con el filtro manual LED&#8230;<\/p>\n","protected":false},"featured_media":2863,"template":"","meta":[],"product_brand":[],"product_cat":[82,87],"product_tag":[],"class_list":{"0":"post-2862","1":"product","2":"type-product","3":"status-publish","4":"has-post-thumbnail","6":"product_cat-aspiradors-professionals","7":"product_cat-bateries-aspiradors-professionals","9":"first","10":"instock","11":"taxable","12":"shipping-taxable","13":"purchasable","14":"product-type-simple"},"_links":{"self":[{"href":"https:\/\/7distribucions.com\/ca\/wp-json\/wp\/v2\/product\/2862","targetHints":{"allow":["GET"]}}],"collection":[{"href":"https:\/\/7distribucions.com\/ca\/wp-json\/wp\/v2\/product"}],"about":[{"href":"https:\/\/7distribucions.com\/ca\/wp-json\/wp\/v2\/types\/product"}],"wp:featuredmedia":[{"embeddable":true,"href":"https:\/\/7distribucions.com\/ca\/wp-json\/wp\/v2\/media\/2863"}],"wp:attachment":[{"href":"https:\/\/7distribucions.com\/ca\/wp-json\/wp\/v2\/media?parent=2862"}],"wp:term":[{"taxonomy":"product_brand","embeddable":true,"href":"https:\/\/7distribucions.com\/ca\/wp-json\/wp\/v2\/product_brand?post=2862"},{"taxonomy":"product_cat","embeddable":true,"href":"https:\/\/7distribucions.com\/ca\/wp-json\/wp\/v2\/product_cat?post=2862"},{"taxonomy":"product_tag","embeddable":true,"href":"https:\/\/7distribucions.com\/ca\/wp-json\/wp\/v2\/product_tag?post=2862"}],"curies":[{"name":"wp","href":"https:\/\/api.w.org\/{rel}","templated":true}]}}