{"id":2684,"date":"2023-04-04T16:50:17","date_gmt":"2023-04-04T16:50:17","guid":{"rendered":"https:\/\/7distribucions.com\/?post_type=product&#038;p=2684"},"modified":"2024-09-18T08:23:01","modified_gmt":"2024-09-18T08:23:01","slug":"evolution-15-ltc","status":"publish","type":"product","link":"https:\/\/7distribucions.com\/ca\/producto\/evolution-15-ltc\/","title":{"rendered":"EVOLUTION 15 LTC"},"content":{"rendered":"<p>Pulverizador el\u00e9ctrico a bater\u00eda de litio de 15 L de capacidad, con control electr\u00f3nico y f\u00e1cil de usar para un tratamiento sin esfuerzos. Especialmente dise\u00f1ado para agricultura, huerta y jardiner\u00eda profesional.<\/p>\n<p><a href=\"https:\/\/7distribucions.com\/wp-content\/uploads\/2023\/04\/83045.pdf\" target=\"_blank\" rel=\"noopener\"><strong>VER CAT\u00c1LOGO<\/strong><\/a><\/p>\n","protected":false},"excerpt":{"rendered":"<p>Pulverizador el\u00e9ctrico a bater\u00eda de litio de 15 L de capacidad, con control electr\u00f3nico y f\u00e1cil de usar para un tratamiento sin esfuerzos. Especialmente dise\u00f1ado para agricultura, huerta y jardiner\u00eda&#8230;<\/p>\n","protected":false},"featured_media":2685,"template":"","meta":[],"product_brand":[],"product_cat":[81,79],"product_tag":[],"class_list":{"0":"post-2684","1":"product","2":"type-product","3":"status-publish","4":"has-post-thumbnail","6":"product_cat-matabi","7":"product_cat-pulveritzadors","9":"first","10":"instock","11":"taxable","12":"shipping-taxable","13":"purchasable","14":"product-type-simple"},"_links":{"self":[{"href":"https:\/\/7distribucions.com\/ca\/wp-json\/wp\/v2\/product\/2684","targetHints":{"allow":["GET"]}}],"collection":[{"href":"https:\/\/7distribucions.com\/ca\/wp-json\/wp\/v2\/product"}],"about":[{"href":"https:\/\/7distribucions.com\/ca\/wp-json\/wp\/v2\/types\/product"}],"wp:featuredmedia":[{"embeddable":true,"href":"https:\/\/7distribucions.com\/ca\/wp-json\/wp\/v2\/media\/2685"}],"wp:attachment":[{"href":"https:\/\/7distribucions.com\/ca\/wp-json\/wp\/v2\/media?parent=2684"}],"wp:term":[{"taxonomy":"product_brand","embeddable":true,"href":"https:\/\/7distribucions.com\/ca\/wp-json\/wp\/v2\/product_brand?post=2684"},{"taxonomy":"product_cat","embeddable":true,"href":"https:\/\/7distribucions.com\/ca\/wp-json\/wp\/v2\/product_cat?post=2684"},{"taxonomy":"product_tag","embeddable":true,"href":"https:\/\/7distribucions.com\/ca\/wp-json\/wp\/v2\/product_tag?post=2684"}],"curies":[{"name":"wp","href":"https:\/\/api.w.org\/{rel}","templated":true}]}}