{"id":2650,"date":"2023-04-04T15:43:07","date_gmt":"2023-04-04T15:43:07","guid":{"rendered":"https:\/\/7distribucions.com\/?post_type=product&#038;p=2650"},"modified":"2024-09-18T08:47:57","modified_gmt":"2024-09-18T08:47:57","slug":"bazoka","status":"publish","type":"product","link":"https:\/\/7distribucions.com\/ca\/producto\/bazoka\/","title":{"rendered":"BAZOKA"},"content":{"rendered":"<p>Un espolvoreador peque\u00f1o de 750cc de capacidad con fuerza a la hora de espolvorear, c\u00f3modo y f\u00e1cil de usar.<\/p>\n<p><a href=\"https:\/\/7distribucions.com\/wp-content\/uploads\/2023\/04\/80308.pdf\" target=\"_blank\" rel=\"noopener\"><strong>VER CAT\u00c1LOGO<\/strong><\/a><\/p>\n","protected":false},"excerpt":{"rendered":"<p>PEDIDO MINIMO E 6 UNIDADES<\/p>\n","protected":false},"featured_media":2651,"template":"","meta":[],"product_brand":[],"product_cat":[81,79],"product_tag":[],"class_list":{"0":"post-2650","1":"product","2":"type-product","3":"status-publish","4":"has-post-thumbnail","6":"product_cat-matabi","7":"product_cat-pulveritzadors","9":"first","10":"instock","11":"taxable","12":"shipping-taxable","13":"purchasable","14":"product-type-simple"},"_links":{"self":[{"href":"https:\/\/7distribucions.com\/ca\/wp-json\/wp\/v2\/product\/2650","targetHints":{"allow":["GET"]}}],"collection":[{"href":"https:\/\/7distribucions.com\/ca\/wp-json\/wp\/v2\/product"}],"about":[{"href":"https:\/\/7distribucions.com\/ca\/wp-json\/wp\/v2\/types\/product"}],"wp:featuredmedia":[{"embeddable":true,"href":"https:\/\/7distribucions.com\/ca\/wp-json\/wp\/v2\/media\/2651"}],"wp:attachment":[{"href":"https:\/\/7distribucions.com\/ca\/wp-json\/wp\/v2\/media?parent=2650"}],"wp:term":[{"taxonomy":"product_brand","embeddable":true,"href":"https:\/\/7distribucions.com\/ca\/wp-json\/wp\/v2\/product_brand?post=2650"},{"taxonomy":"product_cat","embeddable":true,"href":"https:\/\/7distribucions.com\/ca\/wp-json\/wp\/v2\/product_cat?post=2650"},{"taxonomy":"product_tag","embeddable":true,"href":"https:\/\/7distribucions.com\/ca\/wp-json\/wp\/v2\/product_tag?post=2650"}],"curies":[{"name":"wp","href":"https:\/\/api.w.org\/{rel}","templated":true}]}}