{"id":2635,"date":"2023-04-04T02:47:39","date_gmt":"2023-04-04T02:47:39","guid":{"rendered":"https:\/\/7distribucions.com\/?post_type=product&#038;p=2635"},"modified":"2024-09-18T09:09:01","modified_gmt":"2024-09-18T09:09:01","slug":"multi-tr-mini-360","status":"publish","type":"product","link":"https:\/\/7distribucions.com\/ca\/producto\/multi-tr-mini-360\/","title":{"rendered":"MULTI TR MINI 360"},"content":{"rendered":"<p>El pulverizador de gatillo IK MULTI TR MINI 360 ofrece una soluci\u00f3n profesional de pulverizado para conseguir resultados \u00f3ptimos en una gran variedad de sectores como la limpieza y desinfecci\u00f3n, la automoci\u00f3n y detallado de veh\u00edculos (detailing), el control de virus, plagas y epidemias, el bricolaje (DIY) o las aplicaciones industriales y la climatizaci\u00f3n (HVAC).<\/p>\n<p>Este pulverizador es el id\u00f3neo para trabajos puntuales en superficies de tama\u00f1o reducido.<\/p>\n<p>Tiene un sistema 360\u00ba para pulverizar en todas las posiciones.<\/p>\n<p><a href=\"https:\/\/7distribucions.com\/wp-content\/uploads\/2023\/04\/84173.pdf\" target=\"_blank\" rel=\"noopener\"><strong>VER CAT\u00c1LOGO<\/strong><\/a><\/p>\n","protected":false},"excerpt":{"rendered":"<p>PEDIDO MINIMO DE 12 UNIDADES<\/p>\n","protected":false},"featured_media":2636,"template":"","meta":[],"product_brand":[],"product_cat":[80,79],"product_tag":[],"class_list":{"0":"post-2635","1":"product","2":"type-product","3":"status-publish","4":"has-post-thumbnail","6":"product_cat-ik","7":"product_cat-pulveritzadors","9":"first","10":"instock","11":"taxable","12":"shipping-taxable","13":"purchasable","14":"product-type-simple"},"_links":{"self":[{"href":"https:\/\/7distribucions.com\/ca\/wp-json\/wp\/v2\/product\/2635","targetHints":{"allow":["GET"]}}],"collection":[{"href":"https:\/\/7distribucions.com\/ca\/wp-json\/wp\/v2\/product"}],"about":[{"href":"https:\/\/7distribucions.com\/ca\/wp-json\/wp\/v2\/types\/product"}],"wp:featuredmedia":[{"embeddable":true,"href":"https:\/\/7distribucions.com\/ca\/wp-json\/wp\/v2\/media\/2636"}],"wp:attachment":[{"href":"https:\/\/7distribucions.com\/ca\/wp-json\/wp\/v2\/media?parent=2635"}],"wp:term":[{"taxonomy":"product_brand","embeddable":true,"href":"https:\/\/7distribucions.com\/ca\/wp-json\/wp\/v2\/product_brand?post=2635"},{"taxonomy":"product_cat","embeddable":true,"href":"https:\/\/7distribucions.com\/ca\/wp-json\/wp\/v2\/product_cat?post=2635"},{"taxonomy":"product_tag","embeddable":true,"href":"https:\/\/7distribucions.com\/ca\/wp-json\/wp\/v2\/product_tag?post=2635"}],"curies":[{"name":"wp","href":"https:\/\/api.w.org\/{rel}","templated":true}]}}