{"id":2626,"date":"2023-04-04T00:50:50","date_gmt":"2023-04-04T00:50:50","guid":{"rendered":"https:\/\/7distribucions.com\/?post_type=product&#038;p=2626"},"modified":"2024-09-18T09:14:55","modified_gmt":"2024-09-18T09:14:55","slug":"ik-multi-pro-9","status":"publish","type":"product","link":"https:\/\/7distribucions.com\/ca\/producto\/ik-multi-pro-9\/","title":{"rendered":"IK MULTI PRO 9"},"content":{"rendered":"<p>El pulverizador IK MULTI Pro 9 se caracteriza por ofrecer unas m\u00e1ximas prestaciones en cuanto a ergonom\u00eda, facilidad de uso y seguridad. Ofrece una soluci\u00f3n profesional de pulverizado para conseguir resultados \u00f3ptimos en una gran variedad de sectores como la construcci\u00f3n, la limpieza y desinfecci\u00f3n, el control de virus, plagas y epidemias, la automoci\u00f3n, la industria y la climatizaci\u00f3n (HVAC).<\/p>\n<p>El IK MULTI Pro 9 est\u00e1 dise\u00f1ado para obtener la mayor resistencia y versatilidad con los qu\u00edmicos m\u00e1s agresivos.<\/p>\n<p>Este pulverizador es especialmente resistente a \u00e1cidos.<\/p>\n<p><a href=\"https:\/\/7distribucions.com\/wp-content\/uploads\/2023\/04\/82672-1.pdf\" target=\"_blank\" rel=\"noopener\"><strong>VER CAT\u00c1LOGO<\/strong><\/a><\/p>\n<p>&nbsp;<\/p>\n","protected":false},"excerpt":{"rendered":"<p>El pulverizador IK MULTI Pro 9 se caracteriza por ofrecer unas m\u00e1ximas prestaciones en cuanto a ergonom\u00eda, facilidad de uso y seguridad. Ofrece una soluci\u00f3n profesional de pulverizado para conseguir&#8230;<\/p>\n","protected":false},"featured_media":2627,"template":"","meta":[],"product_brand":[],"product_cat":[80,79],"product_tag":[],"class_list":{"0":"post-2626","1":"product","2":"type-product","3":"status-publish","4":"has-post-thumbnail","6":"product_cat-ik","7":"product_cat-pulveritzadors","9":"first","10":"instock","11":"taxable","12":"shipping-taxable","13":"purchasable","14":"product-type-simple"},"_links":{"self":[{"href":"https:\/\/7distribucions.com\/ca\/wp-json\/wp\/v2\/product\/2626","targetHints":{"allow":["GET"]}}],"collection":[{"href":"https:\/\/7distribucions.com\/ca\/wp-json\/wp\/v2\/product"}],"about":[{"href":"https:\/\/7distribucions.com\/ca\/wp-json\/wp\/v2\/types\/product"}],"wp:featuredmedia":[{"embeddable":true,"href":"https:\/\/7distribucions.com\/ca\/wp-json\/wp\/v2\/media\/2627"}],"wp:attachment":[{"href":"https:\/\/7distribucions.com\/ca\/wp-json\/wp\/v2\/media?parent=2626"}],"wp:term":[{"taxonomy":"product_brand","embeddable":true,"href":"https:\/\/7distribucions.com\/ca\/wp-json\/wp\/v2\/product_brand?post=2626"},{"taxonomy":"product_cat","embeddable":true,"href":"https:\/\/7distribucions.com\/ca\/wp-json\/wp\/v2\/product_cat?post=2626"},{"taxonomy":"product_tag","embeddable":true,"href":"https:\/\/7distribucions.com\/ca\/wp-json\/wp\/v2\/product_tag?post=2626"}],"curies":[{"name":"wp","href":"https:\/\/api.w.org\/{rel}","templated":true}]}}