{"id":2605,"date":"2023-04-03T23:40:02","date_gmt":"2023-04-03T23:40:02","guid":{"rendered":"https:\/\/7distribucions.com\/?post_type=product&#038;p=2605"},"modified":"2024-09-18T09:25:50","modified_gmt":"2024-09-18T09:25:50","slug":"ik-hc-tr-1","status":"publish","type":"product","link":"https:\/\/7distribucions.com\/ca\/producto\/ik-hc-tr-1\/","title":{"rendered":"IK HC TR 1"},"content":{"rendered":"<p>El pulverizador profesional IK HC TRIGGER 1 ha sido dise\u00f1ado y fabricado con materiales de m\u00e1xima resistencia para ser utilizado con aceites vegetales y animales, disolventes en base a hidrocarburos, lubricantes y derivados de petr\u00f3leo.<\/p>\n<p>Es ideal para ser empleado en automoci\u00f3n en tareas como la limpieza de frenos, eliminaci\u00f3n de manchas de alquitr\u00e1n y eliminaci\u00f3n de siliconas en tareas previas al pintado de carrocer\u00edas.<\/p>\n<p>El Trigger HC 1.5 es \u00f3ptimo para aplicaciones industriales de protecci\u00f3n, desengrasadas y lubricaci\u00f3n, as\u00ed como tratamientos de madera.<\/p>\n<p>Este pulverizador es el id\u00f3neo para trabajos puntuales en superficies de tama\u00f1o reducido<\/p>\n","protected":false},"excerpt":{"rendered":"<p>PEDIDO MINIMO DE 12 UNIDADES<\/p>\n","protected":false},"featured_media":2606,"template":"","meta":[],"product_brand":[],"product_cat":[80,79],"product_tag":[],"class_list":{"0":"post-2605","1":"product","2":"type-product","3":"status-publish","4":"has-post-thumbnail","6":"product_cat-ik","7":"product_cat-pulveritzadors","9":"first","10":"instock","11":"taxable","12":"shipping-taxable","13":"purchasable","14":"product-type-simple"},"_links":{"self":[{"href":"https:\/\/7distribucions.com\/ca\/wp-json\/wp\/v2\/product\/2605","targetHints":{"allow":["GET"]}}],"collection":[{"href":"https:\/\/7distribucions.com\/ca\/wp-json\/wp\/v2\/product"}],"about":[{"href":"https:\/\/7distribucions.com\/ca\/wp-json\/wp\/v2\/types\/product"}],"wp:featuredmedia":[{"embeddable":true,"href":"https:\/\/7distribucions.com\/ca\/wp-json\/wp\/v2\/media\/2606"}],"wp:attachment":[{"href":"https:\/\/7distribucions.com\/ca\/wp-json\/wp\/v2\/media?parent=2605"}],"wp:term":[{"taxonomy":"product_brand","embeddable":true,"href":"https:\/\/7distribucions.com\/ca\/wp-json\/wp\/v2\/product_brand?post=2605"},{"taxonomy":"product_cat","embeddable":true,"href":"https:\/\/7distribucions.com\/ca\/wp-json\/wp\/v2\/product_cat?post=2605"},{"taxonomy":"product_tag","embeddable":true,"href":"https:\/\/7distribucions.com\/ca\/wp-json\/wp\/v2\/product_tag?post=2605"}],"curies":[{"name":"wp","href":"https:\/\/api.w.org\/{rel}","templated":true}]}}