{"id":2599,"date":"2023-04-03T23:33:39","date_gmt":"2023-04-03T23:33:39","guid":{"rendered":"https:\/\/7distribucions.com\/?post_type=product&#038;p=2599"},"modified":"2024-09-18T09:34:59","modified_gmt":"2024-09-18T09:34:59","slug":"ik-food-15","status":"publish","type":"product","link":"https:\/\/7distribucions.com\/ca\/producto\/ik-food-15\/","title":{"rendered":"IK FOOD 1,5"},"content":{"rendered":"<p>EL IK FOOD 1.5 es un pulverizador alimentario especialmente fabricado con materiales totalmente compatibles para el contacto con todo tipo de alimentos. Certificaci\u00f3n alimentaria de acuerdo con los reglamentos CE europeos y FDA americanos.<\/p>\n<p>Es la mejor alternativa de pulverizaci\u00f3n en el sector de la alimentaci\u00f3n. Con el IK Food 1.5 se puede pulverizar todo tipo de alimentos l\u00edquidos como por ejemplo aceite, leche, mantequilla fundida, vinagre, agua, salmuera, sirope, alm\u00edbar etc<\/p>\n<p><a href=\"https:\/\/7distribucions.com\/wp-content\/uploads\/2023\/04\/81781.pdf\" target=\"_blank\" rel=\"noopener\"><strong>VER CAT\u00c1LOGO<\/strong><\/a><\/p>\n","protected":false},"excerpt":{"rendered":"<p>PEDIDO MINIMO DE 6 UNIDADES<\/p>\n","protected":false},"featured_media":2600,"template":"","meta":[],"product_brand":[],"product_cat":[80,79],"product_tag":[],"class_list":{"0":"post-2599","1":"product","2":"type-product","3":"status-publish","4":"has-post-thumbnail","6":"product_cat-ik","7":"product_cat-pulveritzadors","9":"first","10":"instock","11":"taxable","12":"shipping-taxable","13":"purchasable","14":"product-type-simple"},"_links":{"self":[{"href":"https:\/\/7distribucions.com\/ca\/wp-json\/wp\/v2\/product\/2599","targetHints":{"allow":["GET"]}}],"collection":[{"href":"https:\/\/7distribucions.com\/ca\/wp-json\/wp\/v2\/product"}],"about":[{"href":"https:\/\/7distribucions.com\/ca\/wp-json\/wp\/v2\/types\/product"}],"wp:featuredmedia":[{"embeddable":true,"href":"https:\/\/7distribucions.com\/ca\/wp-json\/wp\/v2\/media\/2600"}],"wp:attachment":[{"href":"https:\/\/7distribucions.com\/ca\/wp-json\/wp\/v2\/media?parent=2599"}],"wp:term":[{"taxonomy":"product_brand","embeddable":true,"href":"https:\/\/7distribucions.com\/ca\/wp-json\/wp\/v2\/product_brand?post=2599"},{"taxonomy":"product_cat","embeddable":true,"href":"https:\/\/7distribucions.com\/ca\/wp-json\/wp\/v2\/product_cat?post=2599"},{"taxonomy":"product_tag","embeddable":true,"href":"https:\/\/7distribucions.com\/ca\/wp-json\/wp\/v2\/product_tag?post=2599"}],"curies":[{"name":"wp","href":"https:\/\/api.w.org\/{rel}","templated":true}]}}