{"id":2580,"date":"2023-04-03T22:48:42","date_gmt":"2023-04-03T22:48:42","guid":{"rendered":"https:\/\/7distribucions.com\/?post_type=product&#038;p=2580"},"modified":"2024-09-18T09:40:05","modified_gmt":"2024-09-18T09:40:05","slug":"ik-multi-trigger-1","status":"publish","type":"product","link":"https:\/\/7distribucions.com\/ca\/producto\/ik-multi-trigger-1\/","title":{"rendered":"IK MULTI Trigger 1"},"content":{"rendered":"<p>El pulverizador de gatillo IK MULTI Trigger 1 ofrece una soluci\u00f3n profesional de pulverizado para conseguir resultados \u00f3ptimos en una gran variedad de sectores como la limpieza y desinfecci\u00f3n, la automoci\u00f3n y detallado de veh\u00edculos (detailing), el control de virus, plagas y epidemias, el bricolaje (DIY) o las aplicaciones industriales y la climatizaci\u00f3n (HVAC). Este pulverizador es el id\u00f3neo para trabajos puntuales en superficies de tama\u00f1o reducido. El pulverizador IK Multi TRIGGER 1 es la herramienta id\u00f3nea para cualquier trabajo de limpieza y desinfecci\u00f3n, \u00f3ptimo para pulverizar una amplia variedad de qu\u00edmicos tales como desinfectantes, productos neutros, alcoholes, productos alcalinos y cetonas. El IK Multi TR 1 es un pulverizador a gatillo ligero y manejable que incorpora base para mayor estabilidad, sistema de identificaci\u00f3n de contenido mediante tarjetas de colores y dep\u00f3sito trasl\u00facido que permite comprobar el nivel del l\u00edquido en su interior. Boquilla c\u00f3nica regulable Capacidad \u00fatil 1 Litro<\/p>\n","protected":false},"excerpt":{"rendered":"<p>PEDIDO MINIMO DE 12 UNIDADES<\/p>\n","protected":false},"featured_media":2581,"template":"","meta":[],"product_brand":[],"product_cat":[80,79],"product_tag":[],"class_list":{"0":"post-2580","1":"product","2":"type-product","3":"status-publish","4":"has-post-thumbnail","6":"product_cat-ik","7":"product_cat-pulveritzadors","9":"first","10":"instock","11":"taxable","12":"shipping-taxable","13":"purchasable","14":"product-type-simple"},"_links":{"self":[{"href":"https:\/\/7distribucions.com\/ca\/wp-json\/wp\/v2\/product\/2580","targetHints":{"allow":["GET"]}}],"collection":[{"href":"https:\/\/7distribucions.com\/ca\/wp-json\/wp\/v2\/product"}],"about":[{"href":"https:\/\/7distribucions.com\/ca\/wp-json\/wp\/v2\/types\/product"}],"wp:featuredmedia":[{"embeddable":true,"href":"https:\/\/7distribucions.com\/ca\/wp-json\/wp\/v2\/media\/2581"}],"wp:attachment":[{"href":"https:\/\/7distribucions.com\/ca\/wp-json\/wp\/v2\/media?parent=2580"}],"wp:term":[{"taxonomy":"product_brand","embeddable":true,"href":"https:\/\/7distribucions.com\/ca\/wp-json\/wp\/v2\/product_brand?post=2580"},{"taxonomy":"product_cat","embeddable":true,"href":"https:\/\/7distribucions.com\/ca\/wp-json\/wp\/v2\/product_cat?post=2580"},{"taxonomy":"product_tag","embeddable":true,"href":"https:\/\/7distribucions.com\/ca\/wp-json\/wp\/v2\/product_tag?post=2580"}],"curies":[{"name":"wp","href":"https:\/\/api.w.org\/{rel}","templated":true}]}}