{"id":2439,"date":"2023-03-24T19:40:05","date_gmt":"2023-03-24T19:40:05","guid":{"rendered":"https:\/\/7distribucions.com\/?post_type=product&#038;p=2439"},"modified":"2024-02-02T10:57:42","modified_gmt":"2024-02-02T10:57:42","slug":"ms1070-pad-melamina-20cm","status":"publish","type":"product","link":"https:\/\/7distribucions.com\/ca\/producto\/ms1070-pad-melamina-20cm\/","title":{"rendered":"MS1070 PAD MELAMINA 20CM"},"content":{"rendered":"<p>Ideal para superficies de piedra, cer\u00e1mica, m\u00e1rmol, granito, madera maciza y hormig\u00f3n pulido. No se recomienda para pisos blandos como vinilo, laminado o caucho.<\/p>\n<p>&nbsp;<\/p>\n","protected":false},"excerpt":{"rendered":"<p>Ideal para superficies de piedra, cer\u00e1mica, m\u00e1rmol, granito, madera maciza y hormig\u00f3n pulido. No se recomienda para pisos blandos como vinilo, laminado o caucho. &nbsp;<\/p>\n","protected":false},"featured_media":2440,"template":"","meta":[],"product_brand":[],"product_cat":[68,70],"product_tag":[],"class_list":{"0":"post-2439","1":"product","2":"type-product","3":"status-publish","4":"has-post-thumbnail","6":"product_cat-accessoris","7":"product_cat-motorscrubber","9":"first","10":"instock","11":"taxable","12":"shipping-taxable","13":"purchasable","14":"product-type-simple"},"_links":{"self":[{"href":"https:\/\/7distribucions.com\/ca\/wp-json\/wp\/v2\/product\/2439","targetHints":{"allow":["GET"]}}],"collection":[{"href":"https:\/\/7distribucions.com\/ca\/wp-json\/wp\/v2\/product"}],"about":[{"href":"https:\/\/7distribucions.com\/ca\/wp-json\/wp\/v2\/types\/product"}],"wp:featuredmedia":[{"embeddable":true,"href":"https:\/\/7distribucions.com\/ca\/wp-json\/wp\/v2\/media\/2440"}],"wp:attachment":[{"href":"https:\/\/7distribucions.com\/ca\/wp-json\/wp\/v2\/media?parent=2439"}],"wp:term":[{"taxonomy":"product_brand","embeddable":true,"href":"https:\/\/7distribucions.com\/ca\/wp-json\/wp\/v2\/product_brand?post=2439"},{"taxonomy":"product_cat","embeddable":true,"href":"https:\/\/7distribucions.com\/ca\/wp-json\/wp\/v2\/product_cat?post=2439"},{"taxonomy":"product_tag","embeddable":true,"href":"https:\/\/7distribucions.com\/ca\/wp-json\/wp\/v2\/product_tag?post=2439"}],"curies":[{"name":"wp","href":"https:\/\/api.w.org\/{rel}","templated":true}]}}