{"id":2437,"date":"2023-03-24T19:35:45","date_gmt":"2023-03-24T19:35:45","guid":{"rendered":"https:\/\/7distribucions.com\/?post_type=product&#038;p=2437"},"modified":"2023-03-24T19:35:45","modified_gmt":"2023-03-24T19:35:45","slug":"ms1069-pad-granate-restauracion-20cm","status":"publish","type":"product","link":"https:\/\/7distribucions.com\/ca\/producto\/ms1069-pad-granate-restauracion-20cm\/","title":{"rendered":"MS1069 PAD GRANATE RESTAURACION 20CM"},"content":{"rendered":"<p>El Maroon Pad se recomienda para restaurar muchos 4pos de pisos, como vinilo y altro. Este material s\u00faper abrasivo es capaz de secar el pulido de 4ras, sin necesidad de productos qu\u00edmicos. Esta almohadilla har\u00e1 que el piso se vuelva opaco. Siempre complete primero un parche de prueba.<\/p>\n<p>&nbsp;<\/p>\n","protected":false},"excerpt":{"rendered":"<p>El Maroon Pad se recomienda para restaurar muchos 4pos de pisos, como vinilo y altro. Este material s\u00faper abrasivo es capaz de secar el pulido de 4ras, sin necesidad de&#8230;<\/p>\n","protected":false},"featured_media":2438,"template":"","meta":[],"product_brand":[],"product_cat":[68,70],"product_tag":[],"class_list":{"0":"post-2437","1":"product","2":"type-product","3":"status-publish","4":"has-post-thumbnail","6":"product_cat-accessoris","7":"product_cat-motorscrubber","9":"first","10":"instock","11":"taxable","12":"shipping-taxable","13":"purchasable","14":"product-type-simple"},"_links":{"self":[{"href":"https:\/\/7distribucions.com\/ca\/wp-json\/wp\/v2\/product\/2437","targetHints":{"allow":["GET"]}}],"collection":[{"href":"https:\/\/7distribucions.com\/ca\/wp-json\/wp\/v2\/product"}],"about":[{"href":"https:\/\/7distribucions.com\/ca\/wp-json\/wp\/v2\/types\/product"}],"wp:featuredmedia":[{"embeddable":true,"href":"https:\/\/7distribucions.com\/ca\/wp-json\/wp\/v2\/media\/2438"}],"wp:attachment":[{"href":"https:\/\/7distribucions.com\/ca\/wp-json\/wp\/v2\/media?parent=2437"}],"wp:term":[{"taxonomy":"product_brand","embeddable":true,"href":"https:\/\/7distribucions.com\/ca\/wp-json\/wp\/v2\/product_brand?post=2437"},{"taxonomy":"product_cat","embeddable":true,"href":"https:\/\/7distribucions.com\/ca\/wp-json\/wp\/v2\/product_cat?post=2437"},{"taxonomy":"product_tag","embeddable":true,"href":"https:\/\/7distribucions.com\/ca\/wp-json\/wp\/v2\/product_tag?post=2437"}],"curies":[{"name":"wp","href":"https:\/\/api.w.org\/{rel}","templated":true}]}}