{"id":2429,"date":"2023-03-24T19:01:31","date_gmt":"2023-03-24T19:01:31","guid":{"rendered":"https:\/\/7distribucions.com\/?post_type=product&#038;p=2429"},"modified":"2024-06-20T07:30:19","modified_gmt":"2024-06-20T07:30:19","slug":"ms1062-pad-verde-20cm","status":"publish","type":"product","link":"https:\/\/7distribucions.com\/ca\/producto\/ms1062-pad-verde-20cm\/","title":{"rendered":"MS1062 PAD VERDE 20CM"},"content":{"rendered":"<p>Mantenga sus pisos limpios, pulidos y relucientes con este estropajo verde MotorScrubber MS1062 Essentials. Esta almohadilla vers\u00e1til es compatible con suelos de terrazo, m\u00e1rmol, hormig\u00f3n pulido, granito, baldosas de cer\u00e1mica, PVC, vinilo, lin\u00f3leo, caucho y madera. Dise\u00f1ado para usarse sin limpiadores qu\u00edmicos, respalda sus iniciativas de limpieza ecol\u00f3gica tanto dentro como fuera de sus instalaciones. Ideal para usar en \u00e1reas de tr\u00e1fico moderado, esta almohadilla es lo suficientemente resistente para resistir el uso diario en aplicaciones de limpieza generalizada o como almohadilla de limpieza y pulido despu\u00e9s de la renovaci\u00f3n de pisos duros y resistentes. Para obtener los mejores resultados, comb\u00ednelo con MotorScrubber MS2000 o MotorScrubber Jet Mop (se venden por separado).<\/p>\n<p>&nbsp;<\/p>\n","protected":false},"excerpt":{"rendered":"<p>Mantenga sus pisos limpios, pulidos y relucientes con este estropajo verde MotorScrubber MS1062 Essentials. Esta almohadilla vers\u00e1til es compatible con suelos de terrazo, m\u00e1rmol, hormig\u00f3n pulido, granito, baldosas de cer\u00e1mica,&#8230;<\/p>\n","protected":false},"featured_media":2430,"template":"","meta":[],"product_brand":[],"product_cat":[68,70],"product_tag":[],"class_list":{"0":"post-2429","1":"product","2":"type-product","3":"status-publish","4":"has-post-thumbnail","6":"product_cat-accessoris","7":"product_cat-motorscrubber","9":"first","10":"instock","11":"taxable","12":"shipping-taxable","13":"purchasable","14":"product-type-simple"},"_links":{"self":[{"href":"https:\/\/7distribucions.com\/ca\/wp-json\/wp\/v2\/product\/2429","targetHints":{"allow":["GET"]}}],"collection":[{"href":"https:\/\/7distribucions.com\/ca\/wp-json\/wp\/v2\/product"}],"about":[{"href":"https:\/\/7distribucions.com\/ca\/wp-json\/wp\/v2\/types\/product"}],"wp:featuredmedia":[{"embeddable":true,"href":"https:\/\/7distribucions.com\/ca\/wp-json\/wp\/v2\/media\/2430"}],"wp:attachment":[{"href":"https:\/\/7distribucions.com\/ca\/wp-json\/wp\/v2\/media?parent=2429"}],"wp:term":[{"taxonomy":"product_brand","embeddable":true,"href":"https:\/\/7distribucions.com\/ca\/wp-json\/wp\/v2\/product_brand?post=2429"},{"taxonomy":"product_cat","embeddable":true,"href":"https:\/\/7distribucions.com\/ca\/wp-json\/wp\/v2\/product_cat?post=2429"},{"taxonomy":"product_tag","embeddable":true,"href":"https:\/\/7distribucions.com\/ca\/wp-json\/wp\/v2\/product_tag?post=2429"}],"curies":[{"name":"wp","href":"https:\/\/api.w.org\/{rel}","templated":true}]}}