{"id":2424,"date":"2023-03-24T18:56:14","date_gmt":"2023-03-24T18:56:14","guid":{"rendered":"https:\/\/7distribucions.com\/?post_type=product&#038;p=2424"},"modified":"2024-02-02T10:57:40","modified_gmt":"2024-02-02T10:57:40","slug":"ms1053-pad-microfibra-20cm","status":"publish","type":"product","link":"https:\/\/7distribucions.com\/ca\/producto\/ms1053-pad-microfibra-20cm\/","title":{"rendered":"MS1053 PAD MICROFIBRA 20CM"},"content":{"rendered":"<p>Mantenga las paredes, las ventanas y los veh\u00edculos pulidos y brillantes con esta almohadilla de microfibra MotorScrubber MS1053 de 8 5\/8&#8243;. Este suave pa\u00f1o de microfibra es excelente para limpiar vidrios y ventanas, por lo que es perfecto para limpiar todo, desde la pantalla frontal y los espejos del ba\u00f1o hasta las ventanas del veh\u00edculo. y espejos. Tambi\u00e9n puede usarlo para pulir superficies de acero inoxidable en su cocina, haciendo que el mantenimiento sea muy f\u00e1cil. La microfibra es lo suficientemente suave para evitar rayones mientras absorbe la suciedad y la mugre para mantener sus superficies m\u00e1s limpias despu\u00e9s de su uso. Ideal para usar en vidrio, acero inoxidable , y alfombras de limpieza de manchas, esta almohadilla es lo suficientemente resistente como para soportar el uso diario en su restaurante, centro de salud o escuela Para obtener los mejores resultados, comb\u00ednelo con el MS2000 o MotorScrubber Jet (se vende por separado).<\/p>\n","protected":false},"excerpt":{"rendered":"<p>Mantenga las paredes, las ventanas y los veh\u00edculos pulidos y brillantes con esta almohadilla de microfibra MotorScrubber MS1053 de 8 5\/8&#8243;. Este suave pa\u00f1o de microfibra es excelente para limpiar&#8230;<\/p>\n","protected":false},"featured_media":2425,"template":"","meta":[],"product_brand":[],"product_cat":[68,70],"product_tag":[],"class_list":{"0":"post-2424","1":"product","2":"type-product","3":"status-publish","4":"has-post-thumbnail","6":"product_cat-accessoris","7":"product_cat-motorscrubber","9":"first","10":"instock","11":"taxable","12":"shipping-taxable","13":"purchasable","14":"product-type-simple"},"_links":{"self":[{"href":"https:\/\/7distribucions.com\/ca\/wp-json\/wp\/v2\/product\/2424","targetHints":{"allow":["GET"]}}],"collection":[{"href":"https:\/\/7distribucions.com\/ca\/wp-json\/wp\/v2\/product"}],"about":[{"href":"https:\/\/7distribucions.com\/ca\/wp-json\/wp\/v2\/types\/product"}],"wp:featuredmedia":[{"embeddable":true,"href":"https:\/\/7distribucions.com\/ca\/wp-json\/wp\/v2\/media\/2425"}],"wp:attachment":[{"href":"https:\/\/7distribucions.com\/ca\/wp-json\/wp\/v2\/media?parent=2424"}],"wp:term":[{"taxonomy":"product_brand","embeddable":true,"href":"https:\/\/7distribucions.com\/ca\/wp-json\/wp\/v2\/product_brand?post=2424"},{"taxonomy":"product_cat","embeddable":true,"href":"https:\/\/7distribucions.com\/ca\/wp-json\/wp\/v2\/product_cat?post=2424"},{"taxonomy":"product_tag","embeddable":true,"href":"https:\/\/7distribucions.com\/ca\/wp-json\/wp\/v2\/product_tag?post=2424"}],"curies":[{"name":"wp","href":"https:\/\/api.w.org\/{rel}","templated":true}]}}