{"id":2420,"date":"2023-03-24T18:50:06","date_gmt":"2023-03-24T18:50:06","guid":{"rendered":"https:\/\/7distribucions.com\/?post_type=product&#038;p=2420"},"modified":"2024-02-02T10:57:30","modified_gmt":"2024-02-02T10:57:30","slug":"ms1046-porta-pad-20cm","status":"publish","type":"product","link":"https:\/\/7distribucions.com\/ca\/producto\/ms1046-porta-pad-20cm\/","title":{"rendered":"MS1046 PORTA PAD 20CM"},"content":{"rendered":"<p>Mantenga sus unidades MotorScrubber fregando y puliendo con esta placa impulsora para almohadillas MotorScrubber MS1046 de 7 1\/2&#8243;. Equipada con velcro para crear un agarre firme en la almohadilla, la placa impulsora asegura que sus almohadillas permanezcan firmemente en su lugar hasta 360 RPM. Se acopla f\u00e1cilmente a su m\u00e1quina con la misma acci\u00f3n de giro confiable que puede esperar de todos los accesorios de cepillo y almohadilla MotorScrubber. Ya sea que est\u00e9 reemplazando la placa de transmisi\u00f3n original que vino con su kit de inicio MotorScrubber o si desea tener una adicional a mano, puede contar con esto. placa de accionamiento para mantener sus pads girando.<\/p>\n<p>&nbsp;<\/p>\n","protected":false},"excerpt":{"rendered":"<p>Mantenga sus unidades MotorScrubber fregando y puliendo con esta placa impulsora para almohadillas MotorScrubber MS1046 de 7 1\/2&#8243;. Equipada con velcro para crear un agarre firme en la almohadilla, la&#8230;<\/p>\n","protected":false},"featured_media":2421,"template":"","meta":[],"product_brand":[],"product_cat":[68,70],"product_tag":[],"class_list":{"0":"post-2420","1":"product","2":"type-product","3":"status-publish","4":"has-post-thumbnail","6":"product_cat-accessoris","7":"product_cat-motorscrubber","9":"first","10":"instock","11":"taxable","12":"shipping-taxable","13":"purchasable","14":"product-type-simple"},"_links":{"self":[{"href":"https:\/\/7distribucions.com\/ca\/wp-json\/wp\/v2\/product\/2420","targetHints":{"allow":["GET"]}}],"collection":[{"href":"https:\/\/7distribucions.com\/ca\/wp-json\/wp\/v2\/product"}],"about":[{"href":"https:\/\/7distribucions.com\/ca\/wp-json\/wp\/v2\/types\/product"}],"wp:featuredmedia":[{"embeddable":true,"href":"https:\/\/7distribucions.com\/ca\/wp-json\/wp\/v2\/media\/2421"}],"wp:attachment":[{"href":"https:\/\/7distribucions.com\/ca\/wp-json\/wp\/v2\/media?parent=2420"}],"wp:term":[{"taxonomy":"product_brand","embeddable":true,"href":"https:\/\/7distribucions.com\/ca\/wp-json\/wp\/v2\/product_brand?post=2420"},{"taxonomy":"product_cat","embeddable":true,"href":"https:\/\/7distribucions.com\/ca\/wp-json\/wp\/v2\/product_cat?post=2420"},{"taxonomy":"product_tag","embeddable":true,"href":"https:\/\/7distribucions.com\/ca\/wp-json\/wp\/v2\/product_tag?post=2420"}],"curies":[{"name":"wp","href":"https:\/\/api.w.org\/{rel}","templated":true}]}}