{"id":2408,"date":"2023-03-24T18:25:48","date_gmt":"2023-03-24T18:25:48","guid":{"rendered":"https:\/\/7distribucions.com\/?post_type=product&#038;p=2408"},"modified":"2024-02-02T10:57:47","modified_gmt":"2024-02-02T10:57:47","slug":"211759-pad-diamante-verde-mantenimiento-brillo-20cm","status":"publish","type":"product","link":"https:\/\/7distribucions.com\/ca\/producto\/211759-pad-diamante-verde-mantenimiento-brillo-20cm\/","title":{"rendered":"211759 PAD DIAMANTE VERDE MANTENIMIENTO BRILLO 20CM"},"content":{"rendered":"<p>Reduzca y elimine las manchas antiest\u00e9ticas y los rasgu\u00f1os de su piso de piedra natural o de concreto con esta almohadilla verde de mantenimiento y brillo MotorScrubber 211759 Diamond Twister. Esta almohadilla de mantenimiento y brillo frota la superficie de pisos y paredes para eliminar la suciedad y refinar el brillo sin limpiadores ni tratamientos agresivos. Es ideal para usar con superficies de m\u00e1rmol, granito, terrazo y concreto. Simplemente agregue agua y trabaje sobre su superficie mientras aplica presi\u00f3n media. Deber\u00e1 mover su m\u00e1quina de limpieza de izquierda a derecha para optimizar la rotaci\u00f3n de la almohadilla y limpiar la suspensi\u00f3n resultante con un pa\u00f1o de microfibra. Para obtener los mejores resultados, util\u00edcelo con el resto de la l\u00ednea MotorScrubber Diamond Twister.<\/p>\n<p>&nbsp;<\/p>\n","protected":false},"excerpt":{"rendered":"<p>Reduzca y elimine las manchas antiest\u00e9ticas y los rasgu\u00f1os de su piso de piedra natural o de concreto con esta almohadilla verde de mantenimiento y brillo MotorScrubber 211759 Diamond Twister&#8230;.<\/p>\n","protected":false},"featured_media":2409,"template":"","meta":[],"product_brand":[],"product_cat":[68,70],"product_tag":[],"class_list":{"0":"post-2408","1":"product","2":"type-product","3":"status-publish","4":"has-post-thumbnail","6":"product_cat-accessoris","7":"product_cat-motorscrubber","9":"first","10":"instock","11":"taxable","12":"shipping-taxable","13":"purchasable","14":"product-type-simple"},"_links":{"self":[{"href":"https:\/\/7distribucions.com\/ca\/wp-json\/wp\/v2\/product\/2408","targetHints":{"allow":["GET"]}}],"collection":[{"href":"https:\/\/7distribucions.com\/ca\/wp-json\/wp\/v2\/product"}],"about":[{"href":"https:\/\/7distribucions.com\/ca\/wp-json\/wp\/v2\/types\/product"}],"wp:featuredmedia":[{"embeddable":true,"href":"https:\/\/7distribucions.com\/ca\/wp-json\/wp\/v2\/media\/2409"}],"wp:attachment":[{"href":"https:\/\/7distribucions.com\/ca\/wp-json\/wp\/v2\/media?parent=2408"}],"wp:term":[{"taxonomy":"product_brand","embeddable":true,"href":"https:\/\/7distribucions.com\/ca\/wp-json\/wp\/v2\/product_brand?post=2408"},{"taxonomy":"product_cat","embeddable":true,"href":"https:\/\/7distribucions.com\/ca\/wp-json\/wp\/v2\/product_cat?post=2408"},{"taxonomy":"product_tag","embeddable":true,"href":"https:\/\/7distribucions.com\/ca\/wp-json\/wp\/v2\/product_tag?post=2408"}],"curies":[{"name":"wp","href":"https:\/\/api.w.org\/{rel}","templated":true}]}}