{"id":2338,"date":"2023-03-23T23:15:17","date_gmt":"2023-03-23T23:15:17","guid":{"rendered":"https:\/\/7distribucions.com\/?post_type=product&#038;p=2338"},"modified":"2025-03-26T12:08:04","modified_gmt":"2025-03-26T12:08:04","slug":"af-50","status":"publish","type":"product","link":"https:\/\/7distribucions.com\/ca\/producto\/af-50\/","title":{"rendered":"AF 30"},"content":{"rendered":"<p>Purificaci\u00f3n del aire perfecta para estancias grandes, salones y lugares de trabajo: con su sistema de filtro de varias capas, el purificador de aire AF 50 elimina los al\u00e9rgenos, contaminantes y agentes pat\u00f3genos del aire interior .Otras caracter\u00edsticas: relleno de carb\u00f3n activo, display con informaci\u00f3n alfanum\u00e9rica de la calidad del aire \u00b5g\/m\u00b3 de part\u00edculas PM 2,5, informaci\u00f3n de la calidad del aire mediante c\u00f3digo de color, temperatura y humedad relativa del aire. El purificador de aire destaca adem\u00e1s por su funci\u00f3n de temporizador, el seguro para ni\u00f1os (funci\u00f3n de bloqueo), el modo nocturno y el funcionamiento silencioso, una eficiencia de filtrado del 99,95 % en part\u00edculas de 0,3 \u00b5m, as\u00ed como un sensor l\u00e1ser de alta calidad para el modo autom\u00e1tico. Es decir, el modo autom\u00e1tico y el nivel de rendimiento se adaptan autom\u00e1ticamente al grado de suciedad del aire. Por otro lado, la vida \u00fatil del filtro es de aproximadamente un a\u00f1o, en funci\u00f3n de la suciedad del aire y de la frecuencia de uso<\/p>\n<p><a href=\"https:\/\/7distribucions.com\/wp-content\/uploads\/2023\/03\/1.024-822.0_PI_es_ES.pdf\"><strong>VER CAT\u00c1LOGO<\/strong><\/a><\/p>\n","protected":false},"excerpt":{"rendered":"<p>Purificaci\u00f3n del aire perfecta para estancias grandes, salones y lugares de trabajo: con su sistema de filtro de varias capas, el purificador de aire AF 50 elimina los al\u00e9rgenos, contaminantes&#8230;<\/p>\n","protected":false},"featured_media":2487,"template":"","meta":[],"product_brand":[],"product_cat":[67],"product_tag":[],"class_list":{"0":"post-2338","1":"product","2":"type-product","3":"status-publish","4":"has-post-thumbnail","6":"product_cat-purificadors-aire","8":"first","9":"instock","10":"taxable","11":"shipping-taxable","12":"purchasable","13":"product-type-simple"},"_links":{"self":[{"href":"https:\/\/7distribucions.com\/ca\/wp-json\/wp\/v2\/product\/2338","targetHints":{"allow":["GET"]}}],"collection":[{"href":"https:\/\/7distribucions.com\/ca\/wp-json\/wp\/v2\/product"}],"about":[{"href":"https:\/\/7distribucions.com\/ca\/wp-json\/wp\/v2\/types\/product"}],"wp:featuredmedia":[{"embeddable":true,"href":"https:\/\/7distribucions.com\/ca\/wp-json\/wp\/v2\/media\/2487"}],"wp:attachment":[{"href":"https:\/\/7distribucions.com\/ca\/wp-json\/wp\/v2\/media?parent=2338"}],"wp:term":[{"taxonomy":"product_brand","embeddable":true,"href":"https:\/\/7distribucions.com\/ca\/wp-json\/wp\/v2\/product_brand?post=2338"},{"taxonomy":"product_cat","embeddable":true,"href":"https:\/\/7distribucions.com\/ca\/wp-json\/wp\/v2\/product_cat?post=2338"},{"taxonomy":"product_tag","embeddable":true,"href":"https:\/\/7distribucions.com\/ca\/wp-json\/wp\/v2\/product_tag?post=2338"}],"curies":[{"name":"wp","href":"https:\/\/api.w.org\/{rel}","templated":true}]}}