{"id":2335,"date":"2023-03-23T23:10:22","date_gmt":"2023-03-23T23:10:22","guid":{"rendered":"https:\/\/7distribucions.com\/?post_type=product&#038;p=2335"},"modified":"2025-03-26T12:05:54","modified_gmt":"2025-03-26T12:05:54","slug":"af100","status":"publish","type":"product","link":"https:\/\/7distribucions.com\/ca\/producto\/af100\/","title":{"rendered":"AF100"},"content":{"rendered":"<p>Polvo, polen, olores, gases qu\u00edmicos: la calidad del aire en muchos espacios de trabajo no siempre es \u00f3ptima. P\u00f3ngale remedio con nuestro purificador de aire profesional AF 100. El potente motor solo necesita unos minutos para suministrar aire fresco y limpio a una sala de 100 m\u00b2 de tama\u00f1o. Se trata de un equipo m\u00f3vil que, gracias a sus s\u00f3lidos rodillos, puede moverse sin problemas y trasladarse de una sala a otra. Seg\u00fan el enfoque de la aplicaci\u00f3n, tiene la posibilidad de equipar su purificador de aire con diferentes juegos de filtros. Ya sea con nuestro filtro integral, que ofrece un espectro de acci\u00f3n muy amplio y cubre, por ello, todos los requisitos; o bien con uno de los 4 filtros desarrollados especialmente para la eliminaci\u00f3n focalizada de bacterias, olores, al\u00e9rgenos o compuestos org\u00e1nicos vol\u00e1tiles. Viene con un sensor l\u00e1ser preciso para supervisar continuadamente el aire ambiental y controlar el modo autom\u00e1tico. La calidad del aire se muestra en todo momento mediante un esquema crom\u00e1tico claro, mientras que el contenido actual de polvos finos del aire y la duraci\u00f3n restante del filtro se pueden leer en la pantalla en cualquier momento.<\/p>\n<p><a href=\"https:\/\/7distribucions.com\/wp-content\/uploads\/2023\/03\/AF-100.pdf\"><strong>VER CAT\u00c1LOGO<\/strong><\/a><\/p>\n","protected":false},"excerpt":{"rendered":"<p>Polvo, polen, olores, gases qu\u00edmicos: la calidad del aire en muchos espacios de trabajo no siempre es \u00f3ptima. P\u00f3ngale remedio con nuestro purificador de aire profesional AF 100. El potente&#8230;<\/p>\n","protected":false},"featured_media":2336,"template":"","meta":[],"product_brand":[],"product_cat":[67],"product_tag":[],"class_list":{"0":"post-2335","1":"product","2":"type-product","3":"status-publish","4":"has-post-thumbnail","6":"product_cat-purificadors-aire","8":"first","9":"instock","10":"taxable","11":"shipping-taxable","12":"purchasable","13":"product-type-simple"},"_links":{"self":[{"href":"https:\/\/7distribucions.com\/ca\/wp-json\/wp\/v2\/product\/2335","targetHints":{"allow":["GET"]}}],"collection":[{"href":"https:\/\/7distribucions.com\/ca\/wp-json\/wp\/v2\/product"}],"about":[{"href":"https:\/\/7distribucions.com\/ca\/wp-json\/wp\/v2\/types\/product"}],"wp:featuredmedia":[{"embeddable":true,"href":"https:\/\/7distribucions.com\/ca\/wp-json\/wp\/v2\/media\/2336"}],"wp:attachment":[{"href":"https:\/\/7distribucions.com\/ca\/wp-json\/wp\/v2\/media?parent=2335"}],"wp:term":[{"taxonomy":"product_brand","embeddable":true,"href":"https:\/\/7distribucions.com\/ca\/wp-json\/wp\/v2\/product_brand?post=2335"},{"taxonomy":"product_cat","embeddable":true,"href":"https:\/\/7distribucions.com\/ca\/wp-json\/wp\/v2\/product_cat?post=2335"},{"taxonomy":"product_tag","embeddable":true,"href":"https:\/\/7distribucions.com\/ca\/wp-json\/wp\/v2\/product_tag?post=2335"}],"curies":[{"name":"wp","href":"https:\/\/api.w.org\/{rel}","templated":true}]}}