{"id":2264,"date":"2023-03-23T14:36:12","date_gmt":"2023-03-23T14:36:12","guid":{"rendered":"https:\/\/7distribucions.com\/?post_type=product&#038;p=2264"},"modified":"2026-04-16T13:01:12","modified_gmt":"2026-04-16T13:01:12","slug":"excentr-40-25","status":"publish","type":"product","link":"https:\/\/7distribucions.com\/ca\/producto\/excentr-40-25\/","title":{"rendered":"EXCENTR 40-25"},"content":{"rendered":"<p>-Con una cubierta de fregado de 43 cm de ancho, el Excentr 40-25 es la alternativa a la m\u00e1quina de un solo disco. Ideal para la limpieza, la limpieza profunda, el despojo y la renovaci\u00f3n ligera de superficies peque\u00f1as y medianas!<\/p>\n<p>Las 2850 rpm en combinaci\u00f3n con una presi\u00f3n en la trayectoria de 45 kg garantizan resultados fant\u00e1sticos en muy poco tiempo. Adem\u00e1s, el Excentr 40-25 es muy f\u00e1cil y ergon\u00f3mico de usar! En la mayor\u00eda de los casos se trabaja sin la adici\u00f3n de qu\u00edmica.<\/p>\n<p>En resumen, todas las ventajas del Excentr M\u00e9todo por un precio muy asequible! En el Excentr40-25 se puede montar un tanque de lavado<\/p>\n<p><a href=\"https:\/\/7distribucions.com\/wp-content\/uploads\/2023\/03\/EXCENTR-40-25.pdf\"><strong>VER CAT\u00c1LOGO<\/strong><\/a><\/p>\n","protected":false},"excerpt":{"rendered":"<p>-Con una cubierta de fregado de 43 cm de ancho, el Excentr 40-25 es la alternativa a la m\u00e1quina de un solo disco. Ideal para la limpieza, la limpieza profunda,&#8230;<\/p>\n","protected":false},"featured_media":2265,"template":"","meta":[],"product_brand":[],"product_cat":[54,56],"product_tag":[],"class_list":{"0":"post-2264","1":"product","2":"type-product","3":"status-publish","4":"has-post-thumbnail","6":"product_cat-excentriques-orbitals-rotatives","7":"product_cat-excentriques-orbitals-electirques","9":"first","10":"instock","11":"taxable","12":"shipping-taxable","13":"purchasable","14":"product-type-simple"},"_links":{"self":[{"href":"https:\/\/7distribucions.com\/ca\/wp-json\/wp\/v2\/product\/2264","targetHints":{"allow":["GET"]}}],"collection":[{"href":"https:\/\/7distribucions.com\/ca\/wp-json\/wp\/v2\/product"}],"about":[{"href":"https:\/\/7distribucions.com\/ca\/wp-json\/wp\/v2\/types\/product"}],"wp:featuredmedia":[{"embeddable":true,"href":"https:\/\/7distribucions.com\/ca\/wp-json\/wp\/v2\/media\/2265"}],"wp:attachment":[{"href":"https:\/\/7distribucions.com\/ca\/wp-json\/wp\/v2\/media?parent=2264"}],"wp:term":[{"taxonomy":"product_brand","embeddable":true,"href":"https:\/\/7distribucions.com\/ca\/wp-json\/wp\/v2\/product_brand?post=2264"},{"taxonomy":"product_cat","embeddable":true,"href":"https:\/\/7distribucions.com\/ca\/wp-json\/wp\/v2\/product_cat?post=2264"},{"taxonomy":"product_tag","embeddable":true,"href":"https:\/\/7distribucions.com\/ca\/wp-json\/wp\/v2\/product_tag?post=2264"}],"curies":[{"name":"wp","href":"https:\/\/api.w.org\/{rel}","templated":true}]}}