{"id":2258,"date":"2023-03-23T14:26:09","date_gmt":"2023-03-23T14:26:09","guid":{"rendered":"https:\/\/7distribucions.com\/?post_type=product&#038;p=2258"},"modified":"2026-01-15T16:17:59","modified_gmt":"2026-01-15T16:17:59","slug":"excentr-30-20-2","status":"publish","type":"product","link":"https:\/\/7distribucions.com\/ca\/producto\/excentr-30-20-2\/","title":{"rendered":"EXCENTR 30-20+"},"content":{"rendered":"<p>l Excentr 30-20+ es la versi\u00f3n &#8220;heavy-duty&#8221; del Excentr 30-20 y por lo tanto el 30-20+ es muy adecuado para la limpieza de mantenimiento b\u00e1sico y la limpieza profunda extrema como el trabajo peri\u00f3dico m\u00e1s pesado. Gracias a su forma rectangular, esta m\u00e1quina es ideal para limpiar a lo largo\/contra el z\u00f3calo. La m\u00e1quina se limpia f\u00e1cilmente en las esquinas y el 30-20+ est\u00e1 equipado con un cable de alimentaci\u00f3n desmontable, lo que hace que su uso sea flexible. No se necesita un electricista en caso de que se da\u00f1e el cable de alimentaci\u00f3n. Como tambi\u00e9n puede utilizar el 30-20+ sin peso, se trata de una m\u00e1quina agradable para trabajar en escaleras y suelos irregulares. Como ya est\u00e1 acostumbrado de Excentr, la m\u00e1quina es muy s\u00f3lida y fabricada enteramente en acero inoxidable.<\/p>\n<p><a href=\"https:\/\/7distribucions.com\/wp-content\/uploads\/2023\/03\/EXCENTR-30-20-30-20B-.pdf\"><strong>VER CAT\u00c1LOGO<\/strong><\/a><\/p>\n","protected":false},"excerpt":{"rendered":"<p>l Excentr 30-20+ es la versi\u00f3n &#8220;heavy-duty&#8221; del Excentr 30-20 y por lo tanto el 30-20+ es muy adecuado para la limpieza de mantenimiento b\u00e1sico y la limpieza profunda extrema&#8230;<\/p>\n","protected":false},"featured_media":2259,"template":"","meta":[],"product_brand":[],"product_cat":[120,54,56],"product_tag":[],"class_list":{"0":"post-2258","1":"product","2":"type-product","3":"status-publish","4":"has-post-thumbnail","6":"product_cat-destacados","7":"product_cat-excentriques-orbitals-rotatives","8":"product_cat-excentriques-orbitals-electirques","10":"first","11":"instock","12":"taxable","13":"shipping-taxable","14":"purchasable","15":"product-type-simple"},"_links":{"self":[{"href":"https:\/\/7distribucions.com\/ca\/wp-json\/wp\/v2\/product\/2258","targetHints":{"allow":["GET"]}}],"collection":[{"href":"https:\/\/7distribucions.com\/ca\/wp-json\/wp\/v2\/product"}],"about":[{"href":"https:\/\/7distribucions.com\/ca\/wp-json\/wp\/v2\/types\/product"}],"wp:featuredmedia":[{"embeddable":true,"href":"https:\/\/7distribucions.com\/ca\/wp-json\/wp\/v2\/media\/2259"}],"wp:attachment":[{"href":"https:\/\/7distribucions.com\/ca\/wp-json\/wp\/v2\/media?parent=2258"}],"wp:term":[{"taxonomy":"product_brand","embeddable":true,"href":"https:\/\/7distribucions.com\/ca\/wp-json\/wp\/v2\/product_brand?post=2258"},{"taxonomy":"product_cat","embeddable":true,"href":"https:\/\/7distribucions.com\/ca\/wp-json\/wp\/v2\/product_cat?post=2258"},{"taxonomy":"product_tag","embeddable":true,"href":"https:\/\/7distribucions.com\/ca\/wp-json\/wp\/v2\/product_tag?post=2258"}],"curies":[{"name":"wp","href":"https:\/\/api.w.org\/{rel}","templated":true}]}}