{"id":2171,"date":"2023-03-08T01:59:13","date_gmt":"2023-03-08T01:59:13","guid":{"rendered":"https:\/\/7distribucions.com\/?post_type=product&#038;p=2171"},"modified":"2024-02-02T11:08:10","modified_gmt":"2024-02-02T11:08:10","slug":"force","status":"publish","type":"product","link":"https:\/\/7distribucions.com\/ca\/producto\/force\/","title":{"rendered":"FORCE"},"content":{"rendered":"<p><strong>Mini-fregadora FORCE &#8211; kit com inyecci\u00f3n y aspiraci\u00f3n<\/strong><\/p>\n<p>M\u00e1quina fregadora construido fuerte, escurridores inteligentes, mango pivotante y telesc\u00f3pico.<\/p>\n<ul>\n<li>Transforme su fregadora-secadora grande en la m\u00e1quina de limpieza de m\u00e1ximo rendimiento agregando FORCE.<\/li>\n<li>FORCE mejora enormemente los resultados de higiene, permiti\u00e9ndole limpiar \u00e1reas que antes eran inaccesibles con una fregadora grande.<\/li>\n<li>Limpieza profunda y seca. Una sola manguera lleva energ\u00eda, soluci\u00f3n y succi\u00f3n a FORCE desde la fregadora-secadora grande.<\/li>\n<li>Secadora fregadora: Limpia 85%<\/li>\n<li>Con FUERZA: Limpia 100%<\/li>\n<\/ul>\n<p><a href=\"https:\/\/7distribucions.com\/wp-content\/uploads\/2023\/03\/MotorScrubber_Force_User_Manual.pdf\"><strong>VER CAT\u00c1LOGO<\/strong><\/a><\/p>\n","protected":false},"excerpt":{"rendered":"<p>Mini-fregadora FORCE &#8211; kit com inyecci\u00f3n y aspiraci\u00f3n M\u00e1quina fregadora construido fuerte, escurridores inteligentes, mango pivotante y telesc\u00f3pico. Transforme su fregadora-secadora grande en la m\u00e1quina de limpieza de m\u00e1ximo rendimiento&#8230;<\/p>\n","protected":false},"featured_media":2172,"template":"","meta":[],"product_brand":[],"product_cat":[53,50],"product_tag":[],"class_list":{"0":"post-2171","1":"product","2":"type-product","3":"status-publish","4":"has-post-thumbnail","6":"product_cat-baixes-revolucions-bateries","7":"product_cat-rotatives","9":"first","10":"instock","11":"taxable","12":"shipping-taxable","13":"purchasable","14":"product-type-simple"},"_links":{"self":[{"href":"https:\/\/7distribucions.com\/ca\/wp-json\/wp\/v2\/product\/2171","targetHints":{"allow":["GET"]}}],"collection":[{"href":"https:\/\/7distribucions.com\/ca\/wp-json\/wp\/v2\/product"}],"about":[{"href":"https:\/\/7distribucions.com\/ca\/wp-json\/wp\/v2\/types\/product"}],"wp:featuredmedia":[{"embeddable":true,"href":"https:\/\/7distribucions.com\/ca\/wp-json\/wp\/v2\/media\/2172"}],"wp:attachment":[{"href":"https:\/\/7distribucions.com\/ca\/wp-json\/wp\/v2\/media?parent=2171"}],"wp:term":[{"taxonomy":"product_brand","embeddable":true,"href":"https:\/\/7distribucions.com\/ca\/wp-json\/wp\/v2\/product_brand?post=2171"},{"taxonomy":"product_cat","embeddable":true,"href":"https:\/\/7distribucions.com\/ca\/wp-json\/wp\/v2\/product_cat?post=2171"},{"taxonomy":"product_tag","embeddable":true,"href":"https:\/\/7distribucions.com\/ca\/wp-json\/wp\/v2\/product_tag?post=2171"}],"curies":[{"name":"wp","href":"https:\/\/api.w.org\/{rel}","templated":true}]}}