{"id":2164,"date":"2023-03-08T01:44:41","date_gmt":"2023-03-08T01:44:41","guid":{"rendered":"https:\/\/7distribucions.com\/?post_type=product&#038;p=2164"},"modified":"2025-03-26T12:32:00","modified_gmt":"2025-03-26T12:32:00","slug":"sd-20","status":"publish","type":"product","link":"https:\/\/7distribucions.com\/ca\/producto\/sd-20\/","title":{"rendered":"SD 20"},"content":{"rendered":"<p>Con un ancho de trabajo de 505 mm, una potencia de motor de 1600 W y unavelocidad de cepillo de 154 rpm, la SD 20 es la m\u00e1quina monodisco m\u00e1s potente de la gama IPC.<\/p>\n<p>SD 20 es un producto dise\u00f1ado para profesionales y de f\u00e1cil uso. Gracias al mango ergon\u00f3mico, puede maniobrar la m\u00e1quina sin dificultad incluso en espacios amueblados.<\/p>\n<p>IPC recomienda su uso en sectores como la industria, obras de construcci\u00f3n, horeca y oficinas.<\/p>\n<p>Incluye plato de arrastre para cristalizar, abrillantar o limpiar\/decapar con discos pads de fibra de estropajo abrasivos.<\/p>\n<p><a href=\"https:\/\/7distribucions.com\/wp-content\/uploads\/2023\/03\/IPC-SD20.pdf\"><strong>VER CAT\u00c1LOGO<\/strong><\/a><\/p>\n","protected":false},"excerpt":{"rendered":"<p>Con un ancho de trabajo de 505 mm, una potencia de motor de 1600 W y unavelocidad de cepillo de 154 rpm, la SD 20 es la m\u00e1quina monodisco m\u00e1s&#8230;<\/p>\n","protected":false},"featured_media":2165,"template":"","meta":[],"product_brand":[],"product_cat":[51,50],"product_tag":[],"class_list":{"0":"post-2164","1":"product","2":"type-product","3":"status-publish","4":"has-post-thumbnail","6":"product_cat-baixes-revolucions","7":"product_cat-rotatives","9":"first","10":"instock","11":"taxable","12":"shipping-taxable","13":"purchasable","14":"product-type-simple"},"_links":{"self":[{"href":"https:\/\/7distribucions.com\/ca\/wp-json\/wp\/v2\/product\/2164","targetHints":{"allow":["GET"]}}],"collection":[{"href":"https:\/\/7distribucions.com\/ca\/wp-json\/wp\/v2\/product"}],"about":[{"href":"https:\/\/7distribucions.com\/ca\/wp-json\/wp\/v2\/types\/product"}],"wp:featuredmedia":[{"embeddable":true,"href":"https:\/\/7distribucions.com\/ca\/wp-json\/wp\/v2\/media\/2165"}],"wp:attachment":[{"href":"https:\/\/7distribucions.com\/ca\/wp-json\/wp\/v2\/media?parent=2164"}],"wp:term":[{"taxonomy":"product_brand","embeddable":true,"href":"https:\/\/7distribucions.com\/ca\/wp-json\/wp\/v2\/product_brand?post=2164"},{"taxonomy":"product_cat","embeddable":true,"href":"https:\/\/7distribucions.com\/ca\/wp-json\/wp\/v2\/product_cat?post=2164"},{"taxonomy":"product_tag","embeddable":true,"href":"https:\/\/7distribucions.com\/ca\/wp-json\/wp\/v2\/product_tag?post=2164"}],"curies":[{"name":"wp","href":"https:\/\/api.w.org\/{rel}","templated":true}]}}