{"id":2161,"date":"2023-03-08T01:41:42","date_gmt":"2023-03-08T01:41:42","guid":{"rendered":"https:\/\/7distribucions.com\/?post_type=product&#038;p=2161"},"modified":"2025-04-21T13:52:00","modified_gmt":"2025-04-21T13:52:00","slug":"sd-17","status":"publish","type":"product","link":"https:\/\/7distribucions.com\/ca\/producto\/sd-17\/","title":{"rendered":"SD 17"},"content":{"rendered":"<p>La SD 17 es una completa y potente m\u00e1quina de un solo disco, el m\u00e1s vers\u00e1til de la gama IPC. Puede utilizarse para operaciones de limpieza frecuentes y est\u00e1 a la altura de las tareas m\u00e1s exigentes. Las diversas almohadillas opcionales de la SD 17 le permiten limpiar, pulir, decapar, abrillantar o cristalizar todo tipo de suelo. Es por eso que SD 17 se puede utilizar en una amplia gama de aplicaciones y sectores como la industria, obras de construcci\u00f3n, horeca y oficinas. Incluye plato de arrastre para cristalizar, abrillantar o limpiar\/decapar con discos pads de fibra de estropajo abrasivos.<\/p>\n<p><a href=\"https:\/\/7distribucions.com\/wp-content\/uploads\/2023\/03\/IPC-SD17.pdf\"><strong>VER CAT\u00c1LOGO<\/strong><\/a><\/p>\n","protected":false},"excerpt":{"rendered":"<p>La SD 17 es una completa y potente m\u00e1quina de un solo disco, el m\u00e1s vers\u00e1til de la gama IPC. Puede utilizarse para operaciones de limpieza frecuentes y est\u00e1 a&#8230;<\/p>\n","protected":false},"featured_media":2162,"template":"","meta":[],"product_brand":[],"product_cat":[51,50],"product_tag":[],"class_list":{"0":"post-2161","1":"product","2":"type-product","3":"status-publish","4":"has-post-thumbnail","6":"product_cat-baixes-revolucions","7":"product_cat-rotatives","9":"first","10":"instock","11":"taxable","12":"shipping-taxable","13":"purchasable","14":"product-type-simple"},"_links":{"self":[{"href":"https:\/\/7distribucions.com\/ca\/wp-json\/wp\/v2\/product\/2161","targetHints":{"allow":["GET"]}}],"collection":[{"href":"https:\/\/7distribucions.com\/ca\/wp-json\/wp\/v2\/product"}],"about":[{"href":"https:\/\/7distribucions.com\/ca\/wp-json\/wp\/v2\/types\/product"}],"wp:featuredmedia":[{"embeddable":true,"href":"https:\/\/7distribucions.com\/ca\/wp-json\/wp\/v2\/media\/2162"}],"wp:attachment":[{"href":"https:\/\/7distribucions.com\/ca\/wp-json\/wp\/v2\/media?parent=2161"}],"wp:term":[{"taxonomy":"product_brand","embeddable":true,"href":"https:\/\/7distribucions.com\/ca\/wp-json\/wp\/v2\/product_brand?post=2161"},{"taxonomy":"product_cat","embeddable":true,"href":"https:\/\/7distribucions.com\/ca\/wp-json\/wp\/v2\/product_cat?post=2161"},{"taxonomy":"product_tag","embeddable":true,"href":"https:\/\/7distribucions.com\/ca\/wp-json\/wp\/v2\/product_tag?post=2161"}],"curies":[{"name":"wp","href":"https:\/\/api.w.org\/{rel}","templated":true}]}}