{"id":2146,"date":"2023-03-08T01:00:49","date_gmt":"2023-03-08T01:00:49","guid":{"rendered":"https:\/\/7distribucions.com\/?post_type=product&#038;p=2146"},"modified":"2026-01-15T21:41:26","modified_gmt":"2026-01-15T21:41:26","slug":"sg-55","status":"publish","type":"product","link":"https:\/\/7distribucions.com\/ca\/producto\/sg-55\/","title":{"rendered":"SG 55"},"content":{"rendered":"<p>Dise\u00f1ado para responder a las necesidades de limpieza m\u00e1s exigentes, el SG55 es un generador de vapor profesional con caracter\u00edsticas \u00fanicas, capaz de disolver la suciedad m\u00e1s rebelde y eliminar g\u00e9rmenes y bacterias al mismo tiempo. Equipado con un sistema de aspiraci\u00f3n, puede eliminar la suciedad disuelta como l\u00edquidos y \/ o polvo, dejando todas las superficies perfectamente secas. SG-55 es una m\u00e1quina potente y segura, ideal para trabajar en sectores como procesamiento de alimentos, industria, transportes, automoci\u00f3n y Horeca. Ideal para aplicaciones pesadas<\/p>\n<p><a href=\"https:\/\/7distribucions.com\/wp-content\/uploads\/2023\/03\/IPC-SG-55-2.pdf\"><strong>VER CAT\u00c1LOGO<\/strong><\/a><\/p>\n","protected":false},"excerpt":{"rendered":"<p>Dise\u00f1ado para responder a las necesidades de limpieza m\u00e1s exigentes, el SG55 es un generador de vapor profesional con caracter\u00edsticas \u00fanicas, capaz de disolver la suciedad m\u00e1s rebelde y eliminar&#8230;<\/p>\n","protected":false},"featured_media":2147,"template":"","meta":[],"product_brand":[],"product_cat":[42,45],"product_tag":[],"class_list":{"0":"post-2146","1":"product","2":"type-product","3":"status-publish","4":"has-post-thumbnail","6":"product_cat-vapor","7":"product_cat-vapor-quimic","9":"first","10":"instock","11":"taxable","12":"shipping-taxable","13":"purchasable","14":"product-type-simple"},"_links":{"self":[{"href":"https:\/\/7distribucions.com\/ca\/wp-json\/wp\/v2\/product\/2146","targetHints":{"allow":["GET"]}}],"collection":[{"href":"https:\/\/7distribucions.com\/ca\/wp-json\/wp\/v2\/product"}],"about":[{"href":"https:\/\/7distribucions.com\/ca\/wp-json\/wp\/v2\/types\/product"}],"wp:featuredmedia":[{"embeddable":true,"href":"https:\/\/7distribucions.com\/ca\/wp-json\/wp\/v2\/media\/2147"}],"wp:attachment":[{"href":"https:\/\/7distribucions.com\/ca\/wp-json\/wp\/v2\/media?parent=2146"}],"wp:term":[{"taxonomy":"product_brand","embeddable":true,"href":"https:\/\/7distribucions.com\/ca\/wp-json\/wp\/v2\/product_brand?post=2146"},{"taxonomy":"product_cat","embeddable":true,"href":"https:\/\/7distribucions.com\/ca\/wp-json\/wp\/v2\/product_cat?post=2146"},{"taxonomy":"product_tag","embeddable":true,"href":"https:\/\/7distribucions.com\/ca\/wp-json\/wp\/v2\/product_tag?post=2146"}],"curies":[{"name":"wp","href":"https:\/\/api.w.org\/{rel}","templated":true}]}}