{"id":2137,"date":"2023-03-08T00:53:04","date_gmt":"2023-03-08T00:53:04","guid":{"rendered":"https:\/\/7distribucions.com\/?post_type=product&#038;p=2137"},"modified":"2026-01-15T21:41:23","modified_gmt":"2026-01-15T21:41:23","slug":"sg-30","status":"publish","type":"product","link":"https:\/\/7distribucions.com\/ca\/producto\/sg-30\/","title":{"rendered":"SG 30"},"content":{"rendered":"<p>Es una m\u00e1quina que une a la limpieza con vapor, la posibilidad de usar detergentes. En efecto, con SG-30 se puede realizar el tipo de operaci\u00f3n m\u00e1s adecuada a las diferentes exigencias de limpieza. Se puede usar vapor, vapor y detergente, aspiraci\u00f3n, vapor y aspiraci\u00f3n, vapor &#8211; detergente y aspiraci\u00f3n; adem\u00e1s, se puede eliminar suciedad disuelta, aspira los l\u00edquidos y s\u00f3lidos. El vapor garantiza el proceso seg\u00fan el cual las mol\u00e9culas de suciedad de todo tipo son retiradas de su sustrato, puestas en soluci\u00f3n y eliminadas. Incorpora un piloto de control de la presi\u00f3n y un piloto de falta de agua del dep\u00f3sito. Dispositivo de seguridad: incorpora un interruptor independiente de la presi\u00f3n de la caldera, un termostato de control de la caldera y del calentador y una v\u00e1lvula mec\u00e1nica de seguridad. Todas las funciones se controlan desde la empu\u00f1adura, facilitando la ergonom\u00eda durante el trabajo del operario.<\/p>\n<p><a href=\"https:\/\/7distribucions.com\/wp-content\/uploads\/2023\/03\/IPC-SG-30-1.pdf\"><strong>VER CAT\u00c1LOGO<\/strong><\/a><\/p>\n<p>&nbsp;<\/p>\n","protected":false},"excerpt":{"rendered":"<p>Es una m\u00e1quina que une a la limpieza con vapor, la posibilidad de usar detergentes. En efecto, con SG-30 se puede realizar el tipo de operaci\u00f3n m\u00e1s adecuada a las&#8230;<\/p>\n","protected":false},"featured_media":2138,"template":"","meta":[],"product_brand":[],"product_cat":[42,43],"product_tag":[],"class_list":{"0":"post-2137","1":"product","2":"type-product","3":"status-publish","4":"has-post-thumbnail","6":"product_cat-vapor","7":"product_cat-vapor-aspiracio","9":"first","10":"instock","11":"taxable","12":"shipping-taxable","13":"purchasable","14":"product-type-simple"},"_links":{"self":[{"href":"https:\/\/7distribucions.com\/ca\/wp-json\/wp\/v2\/product\/2137","targetHints":{"allow":["GET"]}}],"collection":[{"href":"https:\/\/7distribucions.com\/ca\/wp-json\/wp\/v2\/product"}],"about":[{"href":"https:\/\/7distribucions.com\/ca\/wp-json\/wp\/v2\/types\/product"}],"wp:featuredmedia":[{"embeddable":true,"href":"https:\/\/7distribucions.com\/ca\/wp-json\/wp\/v2\/media\/2138"}],"wp:attachment":[{"href":"https:\/\/7distribucions.com\/ca\/wp-json\/wp\/v2\/media?parent=2137"}],"wp:term":[{"taxonomy":"product_brand","embeddable":true,"href":"https:\/\/7distribucions.com\/ca\/wp-json\/wp\/v2\/product_brand?post=2137"},{"taxonomy":"product_cat","embeddable":true,"href":"https:\/\/7distribucions.com\/ca\/wp-json\/wp\/v2\/product_cat?post=2137"},{"taxonomy":"product_tag","embeddable":true,"href":"https:\/\/7distribucions.com\/ca\/wp-json\/wp\/v2\/product_tag?post=2137"}],"curies":[{"name":"wp","href":"https:\/\/api.w.org\/{rel}","templated":true}]}}