{"id":2122,"date":"2023-03-07T19:14:38","date_gmt":"2023-03-07T19:14:38","guid":{"rendered":"https:\/\/7distribucions.com\/?post_type=product&#038;p=2122"},"modified":"2026-01-15T16:52:10","modified_gmt":"2026-01-15T16:52:10","slug":"planet-oil-phase-3","status":"publish","type":"product","link":"https:\/\/7distribucions.com\/ca\/producto\/planet-oil-phase-3\/","title":{"rendered":"PLANET OIL PHASE 3"},"content":{"rendered":"<p>El aspirador Industrial de Aceite y Virutas PLANET OIL est\u00e1 dise\u00f1ado para un uso intensivo, por lo que incorpora grandes ruedas antideslizantes con frenos, cesta separadora y sistema flotante antiatascamiento, dep\u00f3sito extra\u00edble, entrada tangencial de metal, sistema de drenaje y v\u00e1lvulas de seguridad, entrada tangencial y cono de recogida. Adem\u00e1s, cuenta con una turbina de larga duraci\u00f3n, funci\u00f3n corriente invertida para vaciado de l\u00edquidos, manguera de drenaje e indicadores de nivel de filtraci\u00f3n.<\/p>\n<p><a href=\"https:\/\/7distribucions.com\/wp-content\/uploads\/2023\/03\/IPC-PLANET-OIL-3-PHASE.pdf\"><strong>VER CAT\u00c1LOGO<\/strong><\/a><\/p>\n","protected":false},"excerpt":{"rendered":"<p>El aspirador Industrial de Aceite y Virutas PLANET OIL est\u00e1 dise\u00f1ado para un uso intensivo, por lo que incorpora grandes ruedas antideslizantes con frenos, cesta separadora y sistema flotante antiatascamiento,&#8230;<\/p>\n","protected":false},"featured_media":2123,"template":"","meta":[],"product_brand":[],"product_cat":[41],"product_tag":[],"class_list":{"0":"post-2122","1":"product","2":"type-product","3":"status-publish","4":"has-post-thumbnail","6":"product_cat-aspiradors-industrials","8":"first","9":"instock","10":"taxable","11":"shipping-taxable","12":"purchasable","13":"product-type-simple"},"_links":{"self":[{"href":"https:\/\/7distribucions.com\/ca\/wp-json\/wp\/v2\/product\/2122","targetHints":{"allow":["GET"]}}],"collection":[{"href":"https:\/\/7distribucions.com\/ca\/wp-json\/wp\/v2\/product"}],"about":[{"href":"https:\/\/7distribucions.com\/ca\/wp-json\/wp\/v2\/types\/product"}],"wp:featuredmedia":[{"embeddable":true,"href":"https:\/\/7distribucions.com\/ca\/wp-json\/wp\/v2\/media\/2123"}],"wp:attachment":[{"href":"https:\/\/7distribucions.com\/ca\/wp-json\/wp\/v2\/media?parent=2122"}],"wp:term":[{"taxonomy":"product_brand","embeddable":true,"href":"https:\/\/7distribucions.com\/ca\/wp-json\/wp\/v2\/product_brand?post=2122"},{"taxonomy":"product_cat","embeddable":true,"href":"https:\/\/7distribucions.com\/ca\/wp-json\/wp\/v2\/product_cat?post=2122"},{"taxonomy":"product_tag","embeddable":true,"href":"https:\/\/7distribucions.com\/ca\/wp-json\/wp\/v2\/product_tag?post=2122"}],"curies":[{"name":"wp","href":"https:\/\/api.w.org\/{rel}","templated":true}]}}