{"id":2090,"date":"2023-03-07T16:56:05","date_gmt":"2023-03-07T16:56:05","guid":{"rendered":"https:\/\/7distribucions.com\/?post_type=product&#038;p=2090"},"modified":"2026-01-15T16:51:59","modified_gmt":"2026-01-15T16:51:59","slug":"planet-1_50-opt-atex","status":"publish","type":"product","link":"https:\/\/7distribucions.com\/ca\/producto\/planet-1_50-opt-atex\/","title":{"rendered":"PLANET 1_50 OPT ATEX"},"content":{"rendered":"<p>PLANET 1\/50 OPT ATEX MFS es un aspirador industrial especialmente recomendado para polvo combustible. La turbina de inducci\u00f3n de larga duraci\u00f3n certificada ATEX garantiza un rendimiento bueno y estable durante m\u00e1s de 10.000h de trabajo 24\/24. Armaz\u00f3n de acero inoxidable, totalmente conductor desde las ruedas hasta el robusto carro met\u00e1lico, filtros conductores y accesorios, todo ello unido para garantizar la puesta a tierra de la descarga electrost\u00e1tica mediante el cable de alimentaci\u00f3n con enchufe ATEX. El sistema de filtraci\u00f3n multietapa parte de la bolsa segura, pasa por el prefiltro hasta el PCB y el filtro extragrande en forma de estrella en el que es posible utilizar la funci\u00f3n de agitaci\u00f3n del filtro. Aguas arriba, un cartucho HEPA H14 garantiza la protecci\u00f3n absoluta del ventilador al aire limpio de salida. Construcci\u00f3n fiable para uso intensivo Dep\u00f3sito desmontable y carro s\u00f3lido Sacudidor de filtro manual Ruedas grandes y con freno Armaz\u00f3n industrial de AISI 304 con dep\u00f3sito desmontable V\u00e1lvula de alivio de vac\u00edo e indicador de nivel de filtraci\u00f3n Turbina antideflagrante y dise\u00f1o para zona atex 22 Ruedas conductoras con frenos Filtros disipadores de est\u00e1tica Turbina de larga duraci\u00f3n y alto rendimiento<\/p>\n<p><a href=\"https:\/\/7distribucions.com\/wp-content\/uploads\/2023\/03\/PLANET-1_50-OPT-ATEX_LF2022_ES.pdf\"><strong>VER CAT\u00c1LOGO<\/strong><\/a><\/p>\n","protected":false},"excerpt":{"rendered":"<p>PLANET 1\/50 OPT ATEX MFS es un aspirador industrial especialmente recomendado para polvo combustible. La turbina de inducci\u00f3n de larga duraci\u00f3n certificada ATEX garantiza un rendimiento bueno y estable durante&#8230;<\/p>\n","protected":false},"featured_media":2091,"template":"","meta":[],"product_brand":[],"product_cat":[41],"product_tag":[],"class_list":{"0":"post-2090","1":"product","2":"type-product","3":"status-publish","4":"has-post-thumbnail","6":"product_cat-aspiradors-industrials","8":"first","9":"instock","10":"taxable","11":"shipping-taxable","12":"purchasable","13":"product-type-simple"},"_links":{"self":[{"href":"https:\/\/7distribucions.com\/ca\/wp-json\/wp\/v2\/product\/2090","targetHints":{"allow":["GET"]}}],"collection":[{"href":"https:\/\/7distribucions.com\/ca\/wp-json\/wp\/v2\/product"}],"about":[{"href":"https:\/\/7distribucions.com\/ca\/wp-json\/wp\/v2\/types\/product"}],"wp:featuredmedia":[{"embeddable":true,"href":"https:\/\/7distribucions.com\/ca\/wp-json\/wp\/v2\/media\/2091"}],"wp:attachment":[{"href":"https:\/\/7distribucions.com\/ca\/wp-json\/wp\/v2\/media?parent=2090"}],"wp:term":[{"taxonomy":"product_brand","embeddable":true,"href":"https:\/\/7distribucions.com\/ca\/wp-json\/wp\/v2\/product_brand?post=2090"},{"taxonomy":"product_cat","embeddable":true,"href":"https:\/\/7distribucions.com\/ca\/wp-json\/wp\/v2\/product_cat?post=2090"},{"taxonomy":"product_tag","embeddable":true,"href":"https:\/\/7distribucions.com\/ca\/wp-json\/wp\/v2\/product_tag?post=2090"}],"curies":[{"name":"wp","href":"https:\/\/api.w.org\/{rel}","templated":true}]}}