{"id":2054,"date":"2023-03-06T15:58:03","date_gmt":"2023-03-06T15:58:03","guid":{"rendered":"https:\/\/7distribucions.com\/?post_type=product&#038;p=2054"},"modified":"2024-09-18T21:37:49","modified_gmt":"2024-09-18T21:37:49","slug":"t600","status":"publish","type":"product","link":"https:\/\/7distribucions.com\/ca\/producto\/t600\/","title":{"rendered":"T600"},"content":{"rendered":"<p>Excepcionales resultados de limpieza y rendimiento incluso en los entornos m\u00e1s dif\u00edciles. Las fregadoras para suelos con conductor acompa\u00f1ante T600 \/ T600e ofrecen dise\u00f1o resistente y un conjunto de caracter\u00edsticas que aumentan la productividad. Consiga que sus operaciones de limpieza sean m\u00e1s productivas eligiendo entre una gran selecci\u00f3n de cabezales de limpieza y una variedad de innovadoras tecnolog\u00edas opcionales. Los modelos T600 \/ T600e sustituyen al modelo 5680.<\/p>\n<p><a href=\"https:\/\/7distribucions.com\/wp-content\/uploads\/2023\/03\/t600e-brochure-es-es.pdf\"><strong>VER CAT\u00c1LOGO<\/strong><\/a><\/p>\n<p>&nbsp;<\/p>\n","protected":false},"excerpt":{"rendered":"<p>PRECIO A CONSULTAR<\/p>\n","protected":false},"featured_media":2055,"template":"","meta":[],"product_brand":[],"product_cat":[24,22],"product_tag":[],"class_list":{"0":"post-2054","1":"product","2":"type-product","3":"status-publish","4":"has-post-thumbnail","6":"product_cat-bateries-conductor-acompanyant","7":"product_cat-fregadores","9":"first","10":"instock","11":"taxable","12":"shipping-taxable","13":"product-type-simple"},"_links":{"self":[{"href":"https:\/\/7distribucions.com\/ca\/wp-json\/wp\/v2\/product\/2054","targetHints":{"allow":["GET"]}}],"collection":[{"href":"https:\/\/7distribucions.com\/ca\/wp-json\/wp\/v2\/product"}],"about":[{"href":"https:\/\/7distribucions.com\/ca\/wp-json\/wp\/v2\/types\/product"}],"wp:featuredmedia":[{"embeddable":true,"href":"https:\/\/7distribucions.com\/ca\/wp-json\/wp\/v2\/media\/2055"}],"wp:attachment":[{"href":"https:\/\/7distribucions.com\/ca\/wp-json\/wp\/v2\/media?parent=2054"}],"wp:term":[{"taxonomy":"product_brand","embeddable":true,"href":"https:\/\/7distribucions.com\/ca\/wp-json\/wp\/v2\/product_brand?post=2054"},{"taxonomy":"product_cat","embeddable":true,"href":"https:\/\/7distribucions.com\/ca\/wp-json\/wp\/v2\/product_cat?post=2054"},{"taxonomy":"product_tag","embeddable":true,"href":"https:\/\/7distribucions.com\/ca\/wp-json\/wp\/v2\/product_tag?post=2054"}],"curies":[{"name":"wp","href":"https:\/\/api.w.org\/{rel}","templated":true}]}}