{"id":2038,"date":"2023-03-04T02:46:14","date_gmt":"2023-03-04T02:46:14","guid":{"rendered":"https:\/\/7distribucions.com\/?post_type=product&#038;p=2038"},"modified":"2024-02-02T11:06:12","modified_gmt":"2024-02-02T11:06:12","slug":"hd-9_23","status":"publish","type":"product","link":"https:\/\/7distribucions.com\/ca\/producto\/hd-9_23\/","title":{"rendered":"HD 9_23"},"content":{"rendered":"<p>Con una presi\u00f3n de trabajo de 230 bar y potencia de arrastre de hasta 930 litros por hora, nuestro remolque m\u00f3vil de alta presi\u00f3n HD 9\/23 De Tr1 cuenta con suficientes reservas de potencia para ejecutar sin problemas incluso las tareas de limpieza de alta presi\u00f3n m\u00e1s exigentes. De esta forma, resulta ideal, por ejemplo, para la utilizaci\u00f3n en el \u00e1mbito municipal o en el sector de la construcci\u00f3n. Equipado con un motor di\u00e9sel Yanmar (UE fase V) eficiente, ecol\u00f3gico y de gran potencia y un dep\u00f3sito de agua de 1000 litros, este equipo de dise\u00f1o robusto tiene un funcionamiento totalmente independiente del suministro externo de corriente y agua. El HD 9\/23 De Tr1 preconfigurado viene equipado de f\u00e1brica con amortiguadores, paquete de accesorios Premium, enrollador de mangueras de alta presi\u00f3n, chapa protectora frontal, lona de cubierta para la parte posterior, gancho para gr\u00faa, contador de horas y garrafa de combustible adicional de 20 litros. Est\u00e1 equipado con nuestra pistola de alta presi\u00f3n EASY!Force, innovadora y muy ergon\u00f3mica, es f\u00e1cil de manejar y ofrece numerosas opciones de almacenamiento.<\/p>\n<p><a href=\"https:\/\/7distribucions.com\/wp-content\/uploads\/2023\/03\/0.300-421.0_PI_es_ES.pdf\"><strong>VER CAT\u00c1LOGO<\/strong><\/a><\/p>\n","protected":false},"excerpt":{"rendered":"<p>Con una presi\u00f3n de trabajo de 230 bar y potencia de arrastre de hasta 930 litros por hora, nuestro remolque m\u00f3vil de alta presi\u00f3n HD 9\/23 De Tr1 cuenta con&#8230;<\/p>\n","protected":false},"featured_media":2039,"template":"","meta":[],"product_brand":[],"product_cat":[39,34],"product_tag":[],"class_list":{"0":"post-2038","1":"product","2":"type-product","3":"status-publish","4":"has-post-thumbnail","6":"product_cat-amb-remolc","7":"product_cat-hidropressio","9":"first","10":"instock","11":"taxable","12":"shipping-taxable","13":"purchasable","14":"product-type-simple"},"_links":{"self":[{"href":"https:\/\/7distribucions.com\/ca\/wp-json\/wp\/v2\/product\/2038","targetHints":{"allow":["GET"]}}],"collection":[{"href":"https:\/\/7distribucions.com\/ca\/wp-json\/wp\/v2\/product"}],"about":[{"href":"https:\/\/7distribucions.com\/ca\/wp-json\/wp\/v2\/types\/product"}],"wp:featuredmedia":[{"embeddable":true,"href":"https:\/\/7distribucions.com\/ca\/wp-json\/wp\/v2\/media\/2039"}],"wp:attachment":[{"href":"https:\/\/7distribucions.com\/ca\/wp-json\/wp\/v2\/media?parent=2038"}],"wp:term":[{"taxonomy":"product_brand","embeddable":true,"href":"https:\/\/7distribucions.com\/ca\/wp-json\/wp\/v2\/product_brand?post=2038"},{"taxonomy":"product_cat","embeddable":true,"href":"https:\/\/7distribucions.com\/ca\/wp-json\/wp\/v2\/product_cat?post=2038"},{"taxonomy":"product_tag","embeddable":true,"href":"https:\/\/7distribucions.com\/ca\/wp-json\/wp\/v2\/product_tag?post=2038"}],"curies":[{"name":"wp","href":"https:\/\/api.w.org\/{rel}","templated":true}]}}