{"id":2029,"date":"2023-03-04T02:02:05","date_gmt":"2023-03-04T02:02:05","guid":{"rendered":"https:\/\/7distribucions.com\/?post_type=product&#038;p=2029"},"modified":"2026-01-17T18:57:26","modified_gmt":"2026-01-17T18:57:26","slug":"sml-c","status":"publish","type":"product","link":"https:\/\/7distribucions.com\/ca\/producto\/sml-c\/","title":{"rendered":"SML-C D1030PT"},"content":{"rendered":"<p>Estructura de Acero Inoxidable Sistema de prevenci\u00f3n de Inundaci\u00f3n Completo con dep\u00f3sito de agua Conexi\u00f3n bomba-motor con acoplamiento el\u00e1stico<\/p>\n<p><a href=\"https:\/\/7distribucions.com\/wp-content\/uploads\/2023\/03\/IPC-SML-C.pdf\"><strong>VER CAT\u00c1LOGO<\/strong><\/a><\/p>\n","protected":false},"excerpt":{"rendered":"<p>Estructura de Acero Inoxidable Sistema de prevenci\u00f3n de Inundaci\u00f3n Completo con dep\u00f3sito de agua Conexi\u00f3n bomba-motor con acoplamiento el\u00e1stico VER CAT\u00c1LOGO<\/p>\n","protected":false},"featured_media":2030,"template":"","meta":[],"product_brand":[],"product_cat":[38,34],"product_tag":[],"class_list":{"0":"post-2029","1":"product","2":"type-product","3":"status-publish","4":"has-post-thumbnail","6":"product_cat-estacionaries","7":"product_cat-hidropressio","9":"first","10":"instock","11":"taxable","12":"shipping-taxable","13":"purchasable","14":"product-type-simple"},"_links":{"self":[{"href":"https:\/\/7distribucions.com\/ca\/wp-json\/wp\/v2\/product\/2029","targetHints":{"allow":["GET"]}}],"collection":[{"href":"https:\/\/7distribucions.com\/ca\/wp-json\/wp\/v2\/product"}],"about":[{"href":"https:\/\/7distribucions.com\/ca\/wp-json\/wp\/v2\/types\/product"}],"wp:featuredmedia":[{"embeddable":true,"href":"https:\/\/7distribucions.com\/ca\/wp-json\/wp\/v2\/media\/2030"}],"wp:attachment":[{"href":"https:\/\/7distribucions.com\/ca\/wp-json\/wp\/v2\/media?parent=2029"}],"wp:term":[{"taxonomy":"product_brand","embeddable":true,"href":"https:\/\/7distribucions.com\/ca\/wp-json\/wp\/v2\/product_brand?post=2029"},{"taxonomy":"product_cat","embeddable":true,"href":"https:\/\/7distribucions.com\/ca\/wp-json\/wp\/v2\/product_cat?post=2029"},{"taxonomy":"product_tag","embeddable":true,"href":"https:\/\/7distribucions.com\/ca\/wp-json\/wp\/v2\/product_tag?post=2029"}],"curies":[{"name":"wp","href":"https:\/\/api.w.org\/{rel}","templated":true}]}}