{"id":2023,"date":"2023-03-04T01:54:18","date_gmt":"2023-03-04T01:54:18","guid":{"rendered":"https:\/\/7distribucions.com\/?post_type=product&#038;p=2023"},"modified":"2026-01-17T18:57:25","modified_gmt":"2026-01-17T18:57:25","slug":"ml-c","status":"publish","type":"product","link":"https:\/\/7distribucions.com\/ca\/producto\/ml-c\/","title":{"rendered":"ML-C D1515 PI T"},"content":{"rendered":"<p>Sistema de Prevenci\u00f3n de Inundaciones Se puede montar en el suelo o en la pared Estructura de Acero Inoxidable Simple y f\u00e1cil de usar Sistema de prevenci\u00f3n de Inundaci\u00f3n<\/p>\n<p><a href=\"https:\/\/7distribucions.com\/wp-content\/uploads\/2023\/03\/IPC-ML-C-2.pdf\"><strong>VER CAT\u00c1LOGO<\/strong><\/a><\/p>\n","protected":false},"excerpt":{"rendered":"<p>Sistema de Prevenci\u00f3n de Inundaciones Se puede montar en el suelo o en la pared Estructura de Acero Inoxidable Simple y f\u00e1cil de usar Sistema de prevenci\u00f3n de Inundaci\u00f3n VER&#8230;<\/p>\n","protected":false},"featured_media":2024,"template":"","meta":[],"product_brand":[],"product_cat":[38,34],"product_tag":[],"class_list":{"0":"post-2023","1":"product","2":"type-product","3":"status-publish","4":"has-post-thumbnail","6":"product_cat-estacionaries","7":"product_cat-hidropressio","9":"first","10":"instock","11":"taxable","12":"shipping-taxable","13":"purchasable","14":"product-type-simple"},"_links":{"self":[{"href":"https:\/\/7distribucions.com\/ca\/wp-json\/wp\/v2\/product\/2023","targetHints":{"allow":["GET"]}}],"collection":[{"href":"https:\/\/7distribucions.com\/ca\/wp-json\/wp\/v2\/product"}],"about":[{"href":"https:\/\/7distribucions.com\/ca\/wp-json\/wp\/v2\/types\/product"}],"wp:featuredmedia":[{"embeddable":true,"href":"https:\/\/7distribucions.com\/ca\/wp-json\/wp\/v2\/media\/2024"}],"wp:attachment":[{"href":"https:\/\/7distribucions.com\/ca\/wp-json\/wp\/v2\/media?parent=2023"}],"wp:term":[{"taxonomy":"product_brand","embeddable":true,"href":"https:\/\/7distribucions.com\/ca\/wp-json\/wp\/v2\/product_brand?post=2023"},{"taxonomy":"product_cat","embeddable":true,"href":"https:\/\/7distribucions.com\/ca\/wp-json\/wp\/v2\/product_cat?post=2023"},{"taxonomy":"product_tag","embeddable":true,"href":"https:\/\/7distribucions.com\/ca\/wp-json\/wp\/v2\/product_tag?post=2023"}],"curies":[{"name":"wp","href":"https:\/\/api.w.org\/{rel}","templated":true}]}}