{"id":2009,"date":"2023-03-04T01:29:18","date_gmt":"2023-03-04T01:29:18","guid":{"rendered":"https:\/\/7distribucions.com\/?post_type=product&#038;p=2009"},"modified":"2026-01-17T18:57:20","modified_gmt":"2026-01-17T18:57:20","slug":"skid-fuego","status":"publish","type":"product","link":"https:\/\/7distribucions.com\/ca\/producto\/skid-fuego\/","title":{"rendered":"SKID FUEGO-H L1818PI P"},"content":{"rendered":"<p>Motor Honda Desacelerador Hidr\u00e1ulico Ignici\u00f3n Retrasada de Caldera Se puede usar en todas partes Bastidor de Acero Pintado<\/p>\n<p><a href=\"https:\/\/7distribucions.com\/wp-content\/uploads\/2023\/03\/IPC-SKID-FUEGO-2.pdf\"><strong>VER CAT\u00c1LOGO<\/strong><\/a><\/p>\n","protected":false},"excerpt":{"rendered":"<p>Motor Honda Desacelerador Hidr\u00e1ulico Ignici\u00f3n Retrasada de Caldera Se puede usar en todas partes Bastidor de Acero Pintado VER CAT\u00c1LOGO<\/p>\n","protected":false},"featured_media":2010,"template":"","meta":[],"product_brand":[],"product_cat":[37,34],"product_tag":[],"class_list":{"0":"post-2009","1":"product","2":"type-product","3":"status-publish","4":"has-post-thumbnail","6":"product_cat-autonomes","7":"product_cat-hidropressio","9":"first","10":"instock","11":"taxable","12":"shipping-taxable","13":"purchasable","14":"product-type-simple"},"_links":{"self":[{"href":"https:\/\/7distribucions.com\/ca\/wp-json\/wp\/v2\/product\/2009","targetHints":{"allow":["GET"]}}],"collection":[{"href":"https:\/\/7distribucions.com\/ca\/wp-json\/wp\/v2\/product"}],"about":[{"href":"https:\/\/7distribucions.com\/ca\/wp-json\/wp\/v2\/types\/product"}],"wp:featuredmedia":[{"embeddable":true,"href":"https:\/\/7distribucions.com\/ca\/wp-json\/wp\/v2\/media\/2010"}],"wp:attachment":[{"href":"https:\/\/7distribucions.com\/ca\/wp-json\/wp\/v2\/media?parent=2009"}],"wp:term":[{"taxonomy":"product_brand","embeddable":true,"href":"https:\/\/7distribucions.com\/ca\/wp-json\/wp\/v2\/product_brand?post=2009"},{"taxonomy":"product_cat","embeddable":true,"href":"https:\/\/7distribucions.com\/ca\/wp-json\/wp\/v2\/product_cat?post=2009"},{"taxonomy":"product_tag","embeddable":true,"href":"https:\/\/7distribucions.com\/ca\/wp-json\/wp\/v2\/product_tag?post=2009"}],"curies":[{"name":"wp","href":"https:\/\/api.w.org\/{rel}","templated":true}]}}