{"id":1946,"date":"2023-03-03T20:20:42","date_gmt":"2023-03-03T20:20:42","guid":{"rendered":"https:\/\/7distribucions.com\/?post_type=product&#038;p=1946"},"modified":"2025-11-28T14:41:52","modified_gmt":"2025-11-28T14:41:52","slug":"pw-c22p","status":"publish","type":"product","link":"https:\/\/7distribucions.com\/ca\/producto\/pw-c22p\/","title":{"rendered":"PW-C22P I1528 A M"},"content":{"rendered":"<p>La hidrolimpiadora PW-C22P-1609AO un potente motor de inducci\u00f3n y un bajo nivel de ruido ha sido dise\u00f1ada para un uso frecuente. Equipada con dos ruedas de goma grandes que facilitan su desplazamiento. Enrollador profesional para manguera que permite guardar la manguera flexible de alta presi\u00f3n de manera r\u00e1pida y sencilla. Manguera flexible de alta presi\u00f3n de 8 mts. Con conectores roscados.<\/p>\n<p><a href=\"https:\/\/7distribucions.com\/wp-content\/uploads\/2023\/03\/IPC-PW-C22P-1.pdf\"><strong>VER CAT\u00c1LOGO<\/strong><\/a><\/p>\n","protected":false},"excerpt":{"rendered":"<p>La hidrolimpiadora PW-C22P-1609AO un potente motor de inducci\u00f3n y un bajo nivel de ruido ha sido dise\u00f1ada para un uso frecuente. Equipada con dos ruedas de goma grandes que facilitan&#8230;<\/p>\n","protected":false},"featured_media":1947,"template":"","meta":[],"product_brand":[],"product_cat":[35,120,34],"product_tag":[],"class_list":{"0":"post-1946","1":"product","2":"type-product","3":"status-publish","4":"has-post-thumbnail","6":"product_cat-aigua-freda","7":"product_cat-destacados","8":"product_cat-hidropressio","10":"first","11":"instock","12":"taxable","13":"shipping-taxable","14":"purchasable","15":"product-type-simple"},"_links":{"self":[{"href":"https:\/\/7distribucions.com\/ca\/wp-json\/wp\/v2\/product\/1946","targetHints":{"allow":["GET"]}}],"collection":[{"href":"https:\/\/7distribucions.com\/ca\/wp-json\/wp\/v2\/product"}],"about":[{"href":"https:\/\/7distribucions.com\/ca\/wp-json\/wp\/v2\/types\/product"}],"wp:featuredmedia":[{"embeddable":true,"href":"https:\/\/7distribucions.com\/ca\/wp-json\/wp\/v2\/media\/1947"}],"wp:attachment":[{"href":"https:\/\/7distribucions.com\/ca\/wp-json\/wp\/v2\/media?parent=1946"}],"wp:term":[{"taxonomy":"product_brand","embeddable":true,"href":"https:\/\/7distribucions.com\/ca\/wp-json\/wp\/v2\/product_brand?post=1946"},{"taxonomy":"product_cat","embeddable":true,"href":"https:\/\/7distribucions.com\/ca\/wp-json\/wp\/v2\/product_cat?post=1946"},{"taxonomy":"product_tag","embeddable":true,"href":"https:\/\/7distribucions.com\/ca\/wp-json\/wp\/v2\/product_tag?post=1946"}],"curies":[{"name":"wp","href":"https:\/\/api.w.org\/{rel}","templated":true}]}}