{"id":1943,"date":"2023-03-03T20:07:15","date_gmt":"2023-03-03T20:07:15","guid":{"rendered":"https:\/\/7distribucions.com\/?post_type=product&#038;p=1943"},"modified":"2026-01-17T18:57:08","modified_gmt":"2026-01-17T18:57:08","slug":"pw-c21","status":"publish","type":"product","link":"https:\/\/7distribucions.com\/ca\/producto\/pw-c21\/","title":{"rendered":"PW-C21 I 1310P M"},"content":{"rendered":"<p>Desarrollada con un dise\u00f1o y prestaciones altamente vers\u00e1tiles, la hidrolimpiadora de agua fr\u00eda PW-C21 es ideal tanto para un uso dom\u00e9stico, como profesional. El asa ergon\u00f3mica y el dise\u00f1o compacto la convierten en una m\u00e1quina de agua presi\u00f3n c\u00f3moda, f\u00e1cil de usar y que minimiza el esfuerzo del operador durante la actividad de limpieza. Adem\u00e1s, el f\u00e1cil acceso a los componentes de la m\u00e1quina hace que las operaciones de mantenimiento sean simples y r\u00e1pidas de llevar a cabo. PW-C21 es la soluci\u00f3n perfecta para el lavado profesional. Excelentes Resultados de Limpieza Parada Total Inmediata M\u00e1xima Flexibilidad Bomba lineal Equipamiento con conexi\u00f3n profesional M23<\/p>\n<p><a href=\"https:\/\/7distribucions.com\/wp-content\/uploads\/2023\/03\/IPC-PW-C21-1.pdf\"><strong>VER CAT\u00c1LOGO<\/strong><\/a><\/p>\n","protected":false},"excerpt":{"rendered":"<p>Desarrollada con un dise\u00f1o y prestaciones altamente vers\u00e1tiles, la hidrolimpiadora de agua fr\u00eda PW-C21 es ideal tanto para un uso dom\u00e9stico, como profesional. El asa ergon\u00f3mica y el dise\u00f1o compacto&#8230;<\/p>\n","protected":false},"featured_media":1944,"template":"","meta":[],"product_brand":[],"product_cat":[35,34],"product_tag":[],"class_list":{"0":"post-1943","1":"product","2":"type-product","3":"status-publish","4":"has-post-thumbnail","6":"product_cat-aigua-freda","7":"product_cat-hidropressio","9":"first","10":"instock","11":"taxable","12":"shipping-taxable","13":"purchasable","14":"product-type-simple"},"_links":{"self":[{"href":"https:\/\/7distribucions.com\/ca\/wp-json\/wp\/v2\/product\/1943","targetHints":{"allow":["GET"]}}],"collection":[{"href":"https:\/\/7distribucions.com\/ca\/wp-json\/wp\/v2\/product"}],"about":[{"href":"https:\/\/7distribucions.com\/ca\/wp-json\/wp\/v2\/types\/product"}],"wp:featuredmedia":[{"embeddable":true,"href":"https:\/\/7distribucions.com\/ca\/wp-json\/wp\/v2\/media\/1944"}],"wp:attachment":[{"href":"https:\/\/7distribucions.com\/ca\/wp-json\/wp\/v2\/media?parent=1943"}],"wp:term":[{"taxonomy":"product_brand","embeddable":true,"href":"https:\/\/7distribucions.com\/ca\/wp-json\/wp\/v2\/product_brand?post=1943"},{"taxonomy":"product_cat","embeddable":true,"href":"https:\/\/7distribucions.com\/ca\/wp-json\/wp\/v2\/product_cat?post=1943"},{"taxonomy":"product_tag","embeddable":true,"href":"https:\/\/7distribucions.com\/ca\/wp-json\/wp\/v2\/product_tag?post=1943"}],"curies":[{"name":"wp","href":"https:\/\/api.w.org\/{rel}","templated":true}]}}