{"id":1889,"date":"2023-03-03T18:04:22","date_gmt":"2023-03-03T18:04:22","guid":{"rendered":"https:\/\/7distribucions.com\/?post_type=product&#038;p=1889"},"modified":"2024-09-18T21:54:54","modified_gmt":"2024-09-18T21:54:54","slug":"s7","status":"publish","type":"product","link":"https:\/\/7distribucions.com\/ca\/producto\/s7\/","title":{"rendered":"S7"},"content":{"rendered":"<p><strong>La barredora de conductor acompa\u00f1ante S7 de Tennant est\u00e1 dise\u00f1ada para enfrentarse a una variedad de entornos al tiempo que trabaja silenciosamente.<\/strong><\/p>\n<ul>\n<li>Barre en cualquier momento y lugar con un funcionamiento inal\u00e1mbrico y un ancho de barrido de 700 mm.<\/li>\n<li>Limpia tanto suelos duros como blandos con un cepillo principal y lateral regulables.<\/li>\n<li>Los componentes duraderos como la estructura de acero, chasis robusto y el mango tubular cromado hacen que la S7 pueda incluso limpiar entornos industriales ligeros<\/li>\n<\/ul>\n<p><a href=\"https:\/\/7distribucions.com\/wp-content\/uploads\/2023\/03\/s7_brochure_emea_es_hr.pdf\"><strong>VER CAT\u00c1LOGO<\/strong><\/a><\/p>\n","protected":false},"excerpt":{"rendered":"<p>La barredora de conductor acompa\u00f1ante S7 de Tennant est\u00e1 dise\u00f1ada para enfrentarse a una variedad de entornos al tiempo que trabaja silenciosamente. Barre en cualquier momento y lugar con un&#8230;<\/p>\n","protected":false},"featured_media":1890,"template":"","meta":[],"product_brand":[],"product_cat":[30,32],"product_tag":[],"class_list":{"0":"post-1889","1":"product","2":"type-product","3":"status-publish","4":"has-post-thumbnail","6":"product_cat-escombradores","7":"product_cat-escombradores-bateries","9":"first","10":"instock","11":"taxable","12":"shipping-taxable","13":"product-type-simple"},"_links":{"self":[{"href":"https:\/\/7distribucions.com\/ca\/wp-json\/wp\/v2\/product\/1889","targetHints":{"allow":["GET"]}}],"collection":[{"href":"https:\/\/7distribucions.com\/ca\/wp-json\/wp\/v2\/product"}],"about":[{"href":"https:\/\/7distribucions.com\/ca\/wp-json\/wp\/v2\/types\/product"}],"wp:featuredmedia":[{"embeddable":true,"href":"https:\/\/7distribucions.com\/ca\/wp-json\/wp\/v2\/media\/1890"}],"wp:attachment":[{"href":"https:\/\/7distribucions.com\/ca\/wp-json\/wp\/v2\/media?parent=1889"}],"wp:term":[{"taxonomy":"product_brand","embeddable":true,"href":"https:\/\/7distribucions.com\/ca\/wp-json\/wp\/v2\/product_brand?post=1889"},{"taxonomy":"product_cat","embeddable":true,"href":"https:\/\/7distribucions.com\/ca\/wp-json\/wp\/v2\/product_cat?post=1889"},{"taxonomy":"product_tag","embeddable":true,"href":"https:\/\/7distribucions.com\/ca\/wp-json\/wp\/v2\/product_tag?post=1889"}],"curies":[{"name":"wp","href":"https:\/\/api.w.org\/{rel}","templated":true}]}}