{"id":1883,"date":"2023-03-03T17:57:51","date_gmt":"2023-03-03T17:57:51","guid":{"rendered":"https:\/\/7distribucions.com\/?post_type=product&#038;p=1883"},"modified":"2024-09-18T21:51:15","modified_gmt":"2024-09-18T21:51:15","slug":"6100","status":"publish","type":"product","link":"https:\/\/7distribucions.com\/ca\/producto\/6100\/","title":{"rendered":"6100"},"content":{"rendered":"<p>Barredora con rendimiento excepcional y un sistema eficiente de barrido de una sola pasada. Est\u00e1 dotada de filtraci\u00f3n multietapas, es altamente vers\u00e1til y limpia de manera silenciosa y efectiva una variedad de superficies. F\u00e1cilmente maniobrable en espacios reducidos para una mayor accesibilidad y mantiene la calidad del aire con el funcionamiento de la bater\u00eda sin humos.<\/p>\n<p><a href=\"https:\/\/7distribucions.com\/wp-content\/uploads\/2023\/03\/6100-brochure-es-es.pdf\"><strong>VER CAT\u00c1LOGO<\/strong><\/a><\/p>\n","protected":false},"excerpt":{"rendered":"<p>PRECIO A CONSULTAR<\/p>\n","protected":false},"featured_media":1884,"template":"","meta":[],"product_brand":[],"product_cat":[30,32],"product_tag":[],"class_list":{"0":"post-1883","1":"product","2":"type-product","3":"status-publish","4":"has-post-thumbnail","6":"product_cat-escombradores","7":"product_cat-escombradores-bateries","9":"first","10":"instock","11":"taxable","12":"shipping-taxable","13":"product-type-simple"},"_links":{"self":[{"href":"https:\/\/7distribucions.com\/ca\/wp-json\/wp\/v2\/product\/1883","targetHints":{"allow":["GET"]}}],"collection":[{"href":"https:\/\/7distribucions.com\/ca\/wp-json\/wp\/v2\/product"}],"about":[{"href":"https:\/\/7distribucions.com\/ca\/wp-json\/wp\/v2\/types\/product"}],"wp:featuredmedia":[{"embeddable":true,"href":"https:\/\/7distribucions.com\/ca\/wp-json\/wp\/v2\/media\/1884"}],"wp:attachment":[{"href":"https:\/\/7distribucions.com\/ca\/wp-json\/wp\/v2\/media?parent=1883"}],"wp:term":[{"taxonomy":"product_brand","embeddable":true,"href":"https:\/\/7distribucions.com\/ca\/wp-json\/wp\/v2\/product_brand?post=1883"},{"taxonomy":"product_cat","embeddable":true,"href":"https:\/\/7distribucions.com\/ca\/wp-json\/wp\/v2\/product_cat?post=1883"},{"taxonomy":"product_tag","embeddable":true,"href":"https:\/\/7distribucions.com\/ca\/wp-json\/wp\/v2\/product_tag?post=1883"}],"curies":[{"name":"wp","href":"https:\/\/api.w.org\/{rel}","templated":true}]}}