{"id":1881,"date":"2023-03-03T17:51:36","date_gmt":"2023-03-03T17:51:36","guid":{"rendered":"https:\/\/7distribucions.com\/?post_type=product&#038;p=1881"},"modified":"2026-02-08T10:09:24","modified_gmt":"2026-02-08T10:09:24","slug":"705","status":"publish","type":"product","link":"https:\/\/7distribucions.com\/ca\/producto\/705\/","title":{"rendered":"705"},"content":{"rendered":"<p>La barredora de conductor acompa\u00f1ante IPC Gansow 705 es la respuesta perfecta para todas las tareas de barrido interior y exterior. El modelo m\u00e1s grande del 505 con un cepillo lateral autom\u00e1tico para limpiar bordes de bordillos, estanter\u00edas, etc., el 705 es incre\u00edblemente eficiente. El cepillo principal 705 recoge desechos m\u00e1s grandes, como hojas y basura, desechos de almacenes, desechos de estacionamientos y m\u00e1s. Y mientras que el barrido normal crea polvo en el aire, el 705 cuenta con un sistema de supresi\u00f3n de polvo para filtrar todo el polvo fino en funcionamiento.<\/p>\n<p><a href=\"https:\/\/7distribucions.com\/wp-content\/uploads\/2023\/03\/IPC-705-2.pdf\"><strong>VER CAT\u00c1LOGO<\/strong><\/a><\/p>\n","protected":false},"excerpt":{"rendered":"<p>La barredora de conductor acompa\u00f1ante IPC Gansow 705 es la respuesta perfecta para todas las tareas de barrido interior y exterior. El modelo m\u00e1s grande del 505 con un cepillo&#8230;<\/p>\n","protected":false},"featured_media":1903,"template":"","meta":[],"product_brand":[],"product_cat":[30,32],"product_tag":[],"class_list":{"0":"post-1881","1":"product","2":"type-product","3":"status-publish","4":"has-post-thumbnail","6":"product_cat-escombradores","7":"product_cat-escombradores-bateries","9":"first","10":"instock","11":"taxable","12":"shipping-taxable","13":"purchasable","14":"product-type-simple"},"_links":{"self":[{"href":"https:\/\/7distribucions.com\/ca\/wp-json\/wp\/v2\/product\/1881","targetHints":{"allow":["GET"]}}],"collection":[{"href":"https:\/\/7distribucions.com\/ca\/wp-json\/wp\/v2\/product"}],"about":[{"href":"https:\/\/7distribucions.com\/ca\/wp-json\/wp\/v2\/types\/product"}],"wp:featuredmedia":[{"embeddable":true,"href":"https:\/\/7distribucions.com\/ca\/wp-json\/wp\/v2\/media\/1903"}],"wp:attachment":[{"href":"https:\/\/7distribucions.com\/ca\/wp-json\/wp\/v2\/media?parent=1881"}],"wp:term":[{"taxonomy":"product_brand","embeddable":true,"href":"https:\/\/7distribucions.com\/ca\/wp-json\/wp\/v2\/product_brand?post=1881"},{"taxonomy":"product_cat","embeddable":true,"href":"https:\/\/7distribucions.com\/ca\/wp-json\/wp\/v2\/product_cat?post=1881"},{"taxonomy":"product_tag","embeddable":true,"href":"https:\/\/7distribucions.com\/ca\/wp-json\/wp\/v2\/product_tag?post=1881"}],"curies":[{"name":"wp","href":"https:\/\/api.w.org\/{rel}","templated":true}]}}