{"id":1869,"date":"2023-03-03T02:48:13","date_gmt":"2023-03-03T02:48:13","guid":{"rendered":"https:\/\/7distribucions.com\/?post_type=product&#038;p=1869"},"modified":"2026-02-08T10:09:27","modified_gmt":"2026-02-08T10:09:27","slug":"165","status":"publish","type":"product","link":"https:\/\/7distribucions.com\/ca\/producto\/165\/","title":{"rendered":"165"},"content":{"rendered":"<p>La barredora industrial totalmente hidr\u00e1ulica 165 es la m\u00e1quina ideal para la limpieza de espacios medianos y grandes. El filtro de tela garantiza un alto rendimiento especialmente en la filtraci\u00f3n de polvo. La barredora 165 hombre a bordo se puede utilizar en interiores o exteriores, seg\u00fan el modelo elegido. Disponible en versiones de bater\u00eda o diesel.<\/p>\n<p><a href=\"https:\/\/7distribucions.com\/wp-content\/uploads\/2023\/03\/IPC-165-1.pdf\"><strong>VER CAT\u00c1LOGO<\/strong><\/a><\/p>\n","protected":false},"excerpt":{"rendered":"<p>La barredora industrial totalmente hidr\u00e1ulica 165 es la m\u00e1quina ideal para la limpieza de espacios medianos y grandes. El filtro de tela garantiza un alto rendimiento especialmente en la filtraci\u00f3n&#8230;<\/p>\n","protected":false},"featured_media":1870,"template":"","meta":[],"product_brand":[],"product_cat":[30,32,33],"product_tag":[],"class_list":{"0":"post-1869","1":"product","2":"type-product","3":"status-publish","4":"has-post-thumbnail","6":"product_cat-escombradores","7":"product_cat-escombradores-bateries","8":"product_cat-escombredores-explosio-combustio-glp","10":"first","11":"instock","12":"taxable","13":"shipping-taxable","14":"purchasable","15":"product-type-simple"},"_links":{"self":[{"href":"https:\/\/7distribucions.com\/ca\/wp-json\/wp\/v2\/product\/1869","targetHints":{"allow":["GET"]}}],"collection":[{"href":"https:\/\/7distribucions.com\/ca\/wp-json\/wp\/v2\/product"}],"about":[{"href":"https:\/\/7distribucions.com\/ca\/wp-json\/wp\/v2\/types\/product"}],"wp:featuredmedia":[{"embeddable":true,"href":"https:\/\/7distribucions.com\/ca\/wp-json\/wp\/v2\/media\/1870"}],"wp:attachment":[{"href":"https:\/\/7distribucions.com\/ca\/wp-json\/wp\/v2\/media?parent=1869"}],"wp:term":[{"taxonomy":"product_brand","embeddable":true,"href":"https:\/\/7distribucions.com\/ca\/wp-json\/wp\/v2\/product_brand?post=1869"},{"taxonomy":"product_cat","embeddable":true,"href":"https:\/\/7distribucions.com\/ca\/wp-json\/wp\/v2\/product_cat?post=1869"},{"taxonomy":"product_tag","embeddable":true,"href":"https:\/\/7distribucions.com\/ca\/wp-json\/wp\/v2\/product_tag?post=1869"}],"curies":[{"name":"wp","href":"https:\/\/api.w.org\/{rel}","templated":true}]}}