{"id":1856,"date":"2023-03-03T02:00:34","date_gmt":"2023-03-03T02:00:34","guid":{"rendered":"https:\/\/7distribucions.com\/?post_type=product&#038;p=1856"},"modified":"2025-03-26T10:48:42","modified_gmt":"2025-03-26T10:48:42","slug":"550m","status":"publish","type":"product","link":"https:\/\/7distribucions.com\/ca\/producto\/550m\/","title":{"rendered":"550M"},"content":{"rendered":"<p>Barredora profesional hombre a pie con una productividad m\u00e1xima de 1600m2\/h con un ancho de trabajo de 550mm, esta barredora es manual. Contiene una serie de caracter\u00edsticas t\u00e9cnicas muy especiales como sistema de barrido patentado, dep\u00f3sito grande de 25l con f\u00e1cil vaciado y cepillo regulable en altura.<\/p>\n<p><a href=\"https:\/\/7distribucions.com\/wp-content\/uploads\/2023\/03\/IPC-550M-2.pdf\"><strong>VER CAT\u00c1LOGO<\/strong><\/a><\/p>\n","protected":false},"excerpt":{"rendered":"<p>Barredora profesional hombre a pie con una productividad m\u00e1xima de 1600m2\/h con un ancho de trabajo de 550mm, esta barredora es manual. Contiene una serie de caracter\u00edsticas t\u00e9cnicas muy especiales&#8230;<\/p>\n","protected":false},"featured_media":1857,"template":"","meta":[],"product_brand":[],"product_cat":[30,31],"product_tag":[],"class_list":{"0":"post-1856","1":"product","2":"type-product","3":"status-publish","4":"has-post-thumbnail","6":"product_cat-escombradores","7":"product_cat-escombradores-manuals","9":"first","10":"instock","11":"taxable","12":"shipping-taxable","13":"purchasable","14":"product-type-simple"},"_links":{"self":[{"href":"https:\/\/7distribucions.com\/ca\/wp-json\/wp\/v2\/product\/1856","targetHints":{"allow":["GET"]}}],"collection":[{"href":"https:\/\/7distribucions.com\/ca\/wp-json\/wp\/v2\/product"}],"about":[{"href":"https:\/\/7distribucions.com\/ca\/wp-json\/wp\/v2\/types\/product"}],"wp:featuredmedia":[{"embeddable":true,"href":"https:\/\/7distribucions.com\/ca\/wp-json\/wp\/v2\/media\/1857"}],"wp:attachment":[{"href":"https:\/\/7distribucions.com\/ca\/wp-json\/wp\/v2\/media?parent=1856"}],"wp:term":[{"taxonomy":"product_brand","embeddable":true,"href":"https:\/\/7distribucions.com\/ca\/wp-json\/wp\/v2\/product_brand?post=1856"},{"taxonomy":"product_cat","embeddable":true,"href":"https:\/\/7distribucions.com\/ca\/wp-json\/wp\/v2\/product_cat?post=1856"},{"taxonomy":"product_tag","embeddable":true,"href":"https:\/\/7distribucions.com\/ca\/wp-json\/wp\/v2\/product_tag?post=1856"}],"curies":[{"name":"wp","href":"https:\/\/api.w.org\/{rel}","templated":true}]}}