{"id":1843,"date":"2023-03-02T23:26:32","date_gmt":"2023-03-02T23:26:32","guid":{"rendered":"https:\/\/7distribucions.com\/?post_type=product&#038;p=1843"},"modified":"2026-01-21T13:56:59","modified_gmt":"2026-01-21T13:56:59","slug":"ct110","status":"publish","type":"product","link":"https:\/\/7distribucions.com\/ca\/producto\/ct110\/","title":{"rendered":"CT110 BT70 CB+B"},"content":{"rendered":"<p>La fregadora CT 110 es ideal para espacios grandes, para limpiar pisos industriales, almacenes, talleres y centros comerciales. Gracias al amplio compartimento de la bater\u00eda, un ancho de trabajo de hasta 85 cm y el sistema de dosificaci\u00f3n del producto qu\u00edmico dise\u00f1ado para ahorrar agua y detergente, la CT 110 permite tener hasta 4 horas de trabajo continuo y lo optimiza al m\u00e1ximo haci\u00e9ndolo pr\u00e1ctico, r\u00e1pido y efectivo.<\/p>\n<p><a href=\"https:\/\/7distribucions.com\/wp-content\/uploads\/2023\/03\/IPC-CT110-3.pdf\"><strong>VER CAT\u00c1LOGO<\/strong><\/a><\/p>\n","protected":false},"excerpt":{"rendered":"<p>La fregadora CT 110 es ideal para espacios grandes, para limpiar pisos industriales, almacenes, talleres y centros comerciales. Gracias al amplio compartimento de la bater\u00eda, un ancho de trabajo de&#8230;<\/p>\n","protected":false},"featured_media":4805,"template":"","meta":[],"product_brand":[],"product_cat":[28,22],"product_tag":[],"class_list":{"0":"post-1843","1":"product","2":"type-product","3":"status-publish","4":"has-post-thumbnail","6":"product_cat-especials","7":"product_cat-fregadores","9":"first","10":"instock","11":"taxable","12":"shipping-taxable","13":"purchasable","14":"product-type-simple"},"_links":{"self":[{"href":"https:\/\/7distribucions.com\/ca\/wp-json\/wp\/v2\/product\/1843","targetHints":{"allow":["GET"]}}],"collection":[{"href":"https:\/\/7distribucions.com\/ca\/wp-json\/wp\/v2\/product"}],"about":[{"href":"https:\/\/7distribucions.com\/ca\/wp-json\/wp\/v2\/types\/product"}],"wp:featuredmedia":[{"embeddable":true,"href":"https:\/\/7distribucions.com\/ca\/wp-json\/wp\/v2\/media\/4805"}],"wp:attachment":[{"href":"https:\/\/7distribucions.com\/ca\/wp-json\/wp\/v2\/media?parent=1843"}],"wp:term":[{"taxonomy":"product_brand","embeddable":true,"href":"https:\/\/7distribucions.com\/ca\/wp-json\/wp\/v2\/product_brand?post=1843"},{"taxonomy":"product_cat","embeddable":true,"href":"https:\/\/7distribucions.com\/ca\/wp-json\/wp\/v2\/product_cat?post=1843"},{"taxonomy":"product_tag","embeddable":true,"href":"https:\/\/7distribucions.com\/ca\/wp-json\/wp\/v2\/product_tag?post=1843"}],"curies":[{"name":"wp","href":"https:\/\/api.w.org\/{rel}","templated":true}]}}