{"id":1801,"date":"2023-03-02T19:24:58","date_gmt":"2023-03-02T19:24:58","guid":{"rendered":"https:\/\/7distribucions.com\/?post_type=product&#038;p=1801"},"modified":"2024-09-18T21:39:45","modified_gmt":"2024-09-18T21:39:45","slug":"t7","status":"publish","type":"product","link":"https:\/\/7distribucions.com\/ca\/producto\/t7\/","title":{"rendered":"T7"},"content":{"rendered":"<p>Friegue zonas de suelo grandes y peque\u00f1as gracias a la fregadora de conductor sentado T7+ de Tennant, perfecta para la mayor\u00eda de los entornos. Agregue las innovadoras tecnolog\u00eda de fregado ec-H2O NanoClean\u2122 y reduzca el consumo de agua y detergente.<\/p>\n<p><a href=\"https:\/\/7distribucions.com\/wp-content\/uploads\/2023\/03\/T7-Folleto-ES.pdf\" target=\"_blank\" rel=\"noopener\"><strong>VER CAT\u00c1LOGO<\/strong><\/a><\/p>\n","protected":false},"excerpt":{"rendered":"<p>PRECIO A CONSULTAR<\/p>\n","protected":false},"featured_media":1802,"template":"","meta":[],"product_brand":[],"product_cat":[26,22],"product_tag":[],"class_list":{"0":"post-1801","1":"product","2":"type-product","3":"status-publish","4":"has-post-thumbnail","6":"product_cat-bateries-conductor-assegut","7":"product_cat-fregadores","9":"first","10":"instock","11":"taxable","12":"shipping-taxable","13":"product-type-simple"},"_links":{"self":[{"href":"https:\/\/7distribucions.com\/ca\/wp-json\/wp\/v2\/product\/1801","targetHints":{"allow":["GET"]}}],"collection":[{"href":"https:\/\/7distribucions.com\/ca\/wp-json\/wp\/v2\/product"}],"about":[{"href":"https:\/\/7distribucions.com\/ca\/wp-json\/wp\/v2\/types\/product"}],"wp:featuredmedia":[{"embeddable":true,"href":"https:\/\/7distribucions.com\/ca\/wp-json\/wp\/v2\/media\/1802"}],"wp:attachment":[{"href":"https:\/\/7distribucions.com\/ca\/wp-json\/wp\/v2\/media?parent=1801"}],"wp:term":[{"taxonomy":"product_brand","embeddable":true,"href":"https:\/\/7distribucions.com\/ca\/wp-json\/wp\/v2\/product_brand?post=1801"},{"taxonomy":"product_cat","embeddable":true,"href":"https:\/\/7distribucions.com\/ca\/wp-json\/wp\/v2\/product_cat?post=1801"},{"taxonomy":"product_tag","embeddable":true,"href":"https:\/\/7distribucions.com\/ca\/wp-json\/wp\/v2\/product_tag?post=1801"}],"curies":[{"name":"wp","href":"https:\/\/api.w.org\/{rel}","templated":true}]}}