{"id":1768,"date":"2023-03-02T15:29:15","date_gmt":"2023-03-02T15:29:15","guid":{"rendered":"https:\/\/7distribucions.com\/?post_type=product&#038;p=1768"},"modified":"2024-04-16T08:52:39","modified_gmt":"2024-04-16T08:52:39","slug":"t1-b","status":"publish","type":"product","link":"https:\/\/7distribucions.com\/ca\/producto\/t1-b\/","title":{"rendered":"T1 B"},"content":{"rendered":"<ul>\n<li>Elimine los riesgos de los cables gracias al fregado sin cables de la fregadora a bater\u00eda Tennant T1<\/li>\n<li>Limpie zonas peque\u00f1as congestionadas, hacia delante y hacia atr\u00e1s, gracias al maniobrable dise\u00f1o a bater\u00edas de la fregadora T1<\/li>\n<li>Repase las zonas de mucho tr\u00e1nsito varias veces al d\u00eda gracias a la {sp} bater\u00eda de ion litio {sp} opcional de carga r\u00e1pida.<\/li>\n<\/ul>\n<p><strong>Principales caracter\u00edsticas de la fregadora a bater\u00edas de conductor acompa\u00f1ante <\/strong><strong>T1:<\/strong><\/p>\n<ul>\n<li>Su ancho de limpieza de 15 pulg. \/38 cm es perfecto para limpiar entradas, vest\u00edbulos, pasillos y otros lugares.<\/li>\n<li>La bater\u00eda de ion-litio opcional dura hasta 20 veces m\u00e1s en aplicaciones de frecuencia alta y carga r\u00e1pida.<\/li>\n<li>El nivel de ruido de 68 dBA permite una limpieza silenciosa en cualquier momento.<\/li>\n<\/ul>\n<p><a href=\"https:\/\/7distribucions.com\/wp-content\/uploads\/2023\/03\/es_brochure_t1b.pdf\" target=\"_blank\" rel=\"noopener\"><strong>VER CAT\u00c1LOGO<\/strong><\/a><\/p>\n","protected":false},"excerpt":{"rendered":"<p>Elimine los riesgos de los cables gracias al fregado sin cables de la fregadora a bater\u00eda Tennant T1 Limpie zonas peque\u00f1as congestionadas, hacia delante y hacia atr\u00e1s, gracias al maniobrable&#8230;<\/p>\n","protected":false},"featured_media":1770,"template":"","meta":[],"product_brand":[],"product_cat":[24,22],"product_tag":[],"class_list":{"0":"post-1768","1":"product","2":"type-product","3":"status-publish","4":"has-post-thumbnail","6":"product_cat-bateries-conductor-acompanyant","7":"product_cat-fregadores","9":"first","10":"instock","11":"taxable","12":"shipping-taxable","13":"purchasable","14":"product-type-simple"},"_links":{"self":[{"href":"https:\/\/7distribucions.com\/ca\/wp-json\/wp\/v2\/product\/1768","targetHints":{"allow":["GET"]}}],"collection":[{"href":"https:\/\/7distribucions.com\/ca\/wp-json\/wp\/v2\/product"}],"about":[{"href":"https:\/\/7distribucions.com\/ca\/wp-json\/wp\/v2\/types\/product"}],"wp:featuredmedia":[{"embeddable":true,"href":"https:\/\/7distribucions.com\/ca\/wp-json\/wp\/v2\/media\/1770"}],"wp:attachment":[{"href":"https:\/\/7distribucions.com\/ca\/wp-json\/wp\/v2\/media?parent=1768"}],"wp:term":[{"taxonomy":"product_brand","embeddable":true,"href":"https:\/\/7distribucions.com\/ca\/wp-json\/wp\/v2\/product_brand?post=1768"},{"taxonomy":"product_cat","embeddable":true,"href":"https:\/\/7distribucions.com\/ca\/wp-json\/wp\/v2\/product_cat?post=1768"},{"taxonomy":"product_tag","embeddable":true,"href":"https:\/\/7distribucions.com\/ca\/wp-json\/wp\/v2\/product_tag?post=1768"}],"curies":[{"name":"wp","href":"https:\/\/api.w.org\/{rel}","templated":true}]}}