{"id":1760,"date":"2023-03-02T15:17:14","date_gmt":"2023-03-02T15:17:14","guid":{"rendered":"https:\/\/7distribucions.com\/?post_type=product&#038;p=1760"},"modified":"2025-07-30T11:06:51","modified_gmt":"2025-07-30T11:06:51","slug":"fb25","status":"publish","type":"product","link":"https:\/\/7distribucions.com\/ca\/producto\/fb25\/","title":{"rendered":"FB25"},"content":{"rendered":"<p>FB25 es un limpiador de suelos de \u00faltima generaci\u00f3n alimentado con bater\u00edas de iones de litio de bajo consumo. Se adapta autom\u00e1ticamente a cualquier tipo de superficie. Una innovaci\u00f3n que cambiar\u00e1 para siempre el concepto de limpieza.<\/p>\n<p><a href=\"https:\/\/7distribucions.com\/wp-content\/uploads\/2023\/03\/fb25-data-sheet.pdf\" target=\"_blank\" rel=\"noopener\"><strong>VER CAT\u00c1LOGO<\/strong><\/a><\/p>\n","protected":false},"excerpt":{"rendered":"<p>FB25 es un limpiador de suelos de \u00faltima generaci\u00f3n alimentado con bater\u00edas de iones de litio de bajo consumo. Se adapta autom\u00e1ticamente a cualquier tipo de superficie. Una innovaci\u00f3n que&#8230;<\/p>\n","protected":false},"featured_media":1763,"template":"","meta":[],"product_brand":[],"product_cat":[24,22],"product_tag":[],"class_list":{"0":"post-1760","1":"product","2":"type-product","3":"status-publish","4":"has-post-thumbnail","6":"product_cat-bateries-conductor-acompanyant","7":"product_cat-fregadores","9":"first","10":"instock","11":"taxable","12":"shipping-taxable","13":"purchasable","14":"product-type-simple"},"_links":{"self":[{"href":"https:\/\/7distribucions.com\/ca\/wp-json\/wp\/v2\/product\/1760","targetHints":{"allow":["GET"]}}],"collection":[{"href":"https:\/\/7distribucions.com\/ca\/wp-json\/wp\/v2\/product"}],"about":[{"href":"https:\/\/7distribucions.com\/ca\/wp-json\/wp\/v2\/types\/product"}],"wp:featuredmedia":[{"embeddable":true,"href":"https:\/\/7distribucions.com\/ca\/wp-json\/wp\/v2\/media\/1763"}],"wp:attachment":[{"href":"https:\/\/7distribucions.com\/ca\/wp-json\/wp\/v2\/media?parent=1760"}],"wp:term":[{"taxonomy":"product_brand","embeddable":true,"href":"https:\/\/7distribucions.com\/ca\/wp-json\/wp\/v2\/product_brand?post=1760"},{"taxonomy":"product_cat","embeddable":true,"href":"https:\/\/7distribucions.com\/ca\/wp-json\/wp\/v2\/product_cat?post=1760"},{"taxonomy":"product_tag","embeddable":true,"href":"https:\/\/7distribucions.com\/ca\/wp-json\/wp\/v2\/product_tag?post=1760"}],"curies":[{"name":"wp","href":"https:\/\/api.w.org\/{rel}","templated":true}]}}