{"id":1729,"date":"2023-03-01T18:45:54","date_gmt":"2023-03-01T18:45:54","guid":{"rendered":"https:\/\/7distribucions.com\/?post_type=product&#038;p=1729"},"modified":"2024-04-16T08:52:26","modified_gmt":"2024-04-16T08:52:26","slug":"cs5","status":"publish","type":"product","link":"https:\/\/7distribucions.com\/ca\/producto\/cs5\/","title":{"rendered":"CS5"},"content":{"rendered":"<p>Experimente la poderosa limpieza de la nueva microfregadora CS5. Su tama\u00f1o reducido y el dise\u00f1o port\u00e1til la convierten en una herramienta f\u00e1cil de usar y transportar. A diferencia de la limpieza manual friega y seca m\u00e1s r\u00e1pido y evita el uso de agua sucia, garantizando un resultado m\u00e1s efectivo.<\/p>\n<p><a href=\"https:\/\/7distribucions.com\/wp-content\/uploads\/2023\/03\/cs5_brochure_emea_es_hr.pdf\" target=\"_blank\" rel=\"noopener\"><strong>VER CAT\u00c1LOGO<\/strong><\/a><\/p>\n","protected":false},"excerpt":{"rendered":"<p>Experimente la poderosa limpieza de la nueva microfregadora CS5. Su tama\u00f1o reducido y el dise\u00f1o port\u00e1til la convierten en una herramienta f\u00e1cil de usar y transportar. A diferencia de la&#8230;<\/p>\n","protected":false},"featured_media":1731,"template":"","meta":[],"product_brand":[],"product_cat":[24,120,22],"product_tag":[],"class_list":{"0":"post-1729","1":"product","2":"type-product","3":"status-publish","4":"has-post-thumbnail","6":"product_cat-bateries-conductor-acompanyant","7":"product_cat-destacados","8":"product_cat-fregadores","10":"first","11":"instock","12":"taxable","13":"shipping-taxable","14":"purchasable","15":"product-type-simple"},"_links":{"self":[{"href":"https:\/\/7distribucions.com\/ca\/wp-json\/wp\/v2\/product\/1729","targetHints":{"allow":["GET"]}}],"collection":[{"href":"https:\/\/7distribucions.com\/ca\/wp-json\/wp\/v2\/product"}],"about":[{"href":"https:\/\/7distribucions.com\/ca\/wp-json\/wp\/v2\/types\/product"}],"wp:featuredmedia":[{"embeddable":true,"href":"https:\/\/7distribucions.com\/ca\/wp-json\/wp\/v2\/media\/1731"}],"wp:attachment":[{"href":"https:\/\/7distribucions.com\/ca\/wp-json\/wp\/v2\/media?parent=1729"}],"wp:term":[{"taxonomy":"product_brand","embeddable":true,"href":"https:\/\/7distribucions.com\/ca\/wp-json\/wp\/v2\/product_brand?post=1729"},{"taxonomy":"product_cat","embeddable":true,"href":"https:\/\/7distribucions.com\/ca\/wp-json\/wp\/v2\/product_cat?post=1729"},{"taxonomy":"product_tag","embeddable":true,"href":"https:\/\/7distribucions.com\/ca\/wp-json\/wp\/v2\/product_tag?post=1729"}],"curies":[{"name":"wp","href":"https:\/\/api.w.org\/{rel}","templated":true}]}}