{"id":1713,"date":"2023-03-01T18:28:16","date_gmt":"2023-03-01T18:28:16","guid":{"rendered":"https:\/\/7distribucions.com\/?post_type=product&#038;p=1713"},"modified":"2026-01-21T13:56:47","modified_gmt":"2026-01-21T13:56:47","slug":"b40","status":"publish","type":"product","link":"https:\/\/7distribucions.com\/ca\/producto\/b40\/","title":{"rendered":"B40"},"content":{"rendered":"<p><strong>Descripci\u00f3n<\/strong><\/p>\n<ul>\n<li>Mango articulado<\/li>\n<li>Panel de control sencillo<\/li>\n<li>3 velocidades de cepillos<\/li>\n<li>8 niveles de potencia de aspiraci\u00f3n<\/li>\n<li>cambio de cepillos sencillos<\/li>\n<li>chasis en acero inox<\/li>\n<li>PANEL DE CONTROL SENCILLO: 3 VELOCIDADES DE CEPILLOS Y 8 NIVELES POTENCIA DE ASPIRACI\u00d3N<\/li>\n<li>CAMBIO DE CEPILLOS SENCILLO: CHASIS EN ACERO INOX<\/li>\n<li>MANGO ARTICULADO<\/li>\n<\/ul>\n<p><strong>INCLUYE:<\/strong><\/p>\n<ul>\n<li>BATER\u00cdA Y CARGADOR DE BATER\u00cdA (BATER\u00cdA EXTRAIBLE DE LITIO)<\/li>\n<li>2 CEPILLOS 170\/200 PPL<\/li>\n<li>KIT LABIOS LINATEX DELANTERO+TRASERO<\/li>\n<\/ul>\n<p><a href=\"https:\/\/7distribucions.com\/wp-content\/uploads\/2023\/03\/IPC-B40.pdf\" target=\"_blank\" rel=\"noopener\"><strong>VER CAT\u00c1LOGO<\/strong><\/a><\/p>\n","protected":false},"excerpt":{"rendered":"<p>Descripci\u00f3n Mango articulado Panel de control sencillo 3 velocidades de cepillos 8 niveles de potencia de aspiraci\u00f3n cambio de cepillos sencillos chasis en acero inox PANEL DE CONTROL SENCILLO: 3&#8230;<\/p>\n","protected":false},"featured_media":1717,"template":"","meta":[],"product_brand":[],"product_cat":[24,120,22],"product_tag":[],"class_list":{"0":"post-1713","1":"product","2":"type-product","3":"status-publish","4":"has-post-thumbnail","6":"product_cat-bateries-conductor-acompanyant","7":"product_cat-destacados","8":"product_cat-fregadores","10":"first","11":"instock","12":"taxable","13":"shipping-taxable","14":"purchasable","15":"product-type-simple"},"_links":{"self":[{"href":"https:\/\/7distribucions.com\/ca\/wp-json\/wp\/v2\/product\/1713","targetHints":{"allow":["GET"]}}],"collection":[{"href":"https:\/\/7distribucions.com\/ca\/wp-json\/wp\/v2\/product"}],"about":[{"href":"https:\/\/7distribucions.com\/ca\/wp-json\/wp\/v2\/types\/product"}],"wp:featuredmedia":[{"embeddable":true,"href":"https:\/\/7distribucions.com\/ca\/wp-json\/wp\/v2\/media\/1717"}],"wp:attachment":[{"href":"https:\/\/7distribucions.com\/ca\/wp-json\/wp\/v2\/media?parent=1713"}],"wp:term":[{"taxonomy":"product_brand","embeddable":true,"href":"https:\/\/7distribucions.com\/ca\/wp-json\/wp\/v2\/product_brand?post=1713"},{"taxonomy":"product_cat","embeddable":true,"href":"https:\/\/7distribucions.com\/ca\/wp-json\/wp\/v2\/product_cat?post=1713"},{"taxonomy":"product_tag","embeddable":true,"href":"https:\/\/7distribucions.com\/ca\/wp-json\/wp\/v2\/product_tag?post=1713"}],"curies":[{"name":"wp","href":"https:\/\/api.w.org\/{rel}","templated":true}]}}